{"id":9877,"date":"2025-05-23T14:20:16","date_gmt":"2025-05-23T14:20:16","guid":{"rendered":"https:\/\/albrechtgehse-malerei.com\/?page_id=9877"},"modified":"2025-05-29T12:39:46","modified_gmt":"2025-05-29T12:39:46","slug":"albrecht-gehse","status":"publish","type":"page","link":"https:\/\/albrechtgehse-malerei.com\/en\/","title":{"rendered":"Albrecht Gehse"},"content":{"rendered":"<div data-elementor-type=\"wp-page\" data-elementor-id=\"9877\" class=\"elementor elementor-9877\" data-elementor-post-type=\"page\">\n\t\t\t\t\t\t<section class=\"elementor-section elementor-top-section elementor-element elementor-element-9603d77 elementor-section-height-min-height elementor-section-boxed elementor-section-height-default elementor-section-items-middle\" data-id=\"9603d77\" data-element_type=\"section\" data-settings=\"{&quot;background_background&quot;:&quot;classic&quot;}\">\n\t\t\t\t\t\t<div class=\"elementor-container elementor-column-gap-default\">\n\t\t\t\t\t<div class=\"elementor-column elementor-col-100 elementor-top-column elementor-element elementor-element-f6d66ae\" data-id=\"f6d66ae\" data-element_type=\"column\">\n\t\t\t<div class=\"elementor-widget-wrap elementor-element-populated\">\n\t\t\t\t\t\t<div class=\"elementor-element elementor-element-222d37e elementor-invisible elementor-widget elementor-widget-image\" data-id=\"222d37e\" data-element_type=\"widget\" data-settings=\"{&quot;_animation&quot;:&quot;zoomIn&quot;}\" data-widget_type=\"image.default\">\n\t\t\t\t<div class=\"elementor-widget-container\">\n\t\t\t\t\t\t\t\t\t\t\t\t\t\t\t<img fetchpriority=\"high\" decoding=\"async\" width=\"2000\" height=\"579\" src=\"https:\/\/albrechtgehse-malerei.com\/wp-content\/uploads\/2025\/05\/Risorsa-1.png\" class=\"attachment-full size-full wp-image-9880\" alt=\"\" srcset=\"https:\/\/albrechtgehse-malerei.com\/wp-content\/uploads\/2025\/05\/Risorsa-1.png 2000w, https:\/\/albrechtgehse-malerei.com\/wp-content\/uploads\/2025\/05\/Risorsa-1-300x87.png 300w, https:\/\/albrechtgehse-malerei.com\/wp-content\/uploads\/2025\/05\/Risorsa-1-1024x296.png 1024w, https:\/\/albrechtgehse-malerei.com\/wp-content\/uploads\/2025\/05\/Risorsa-1-768x222.png 768w, https:\/\/albrechtgehse-malerei.com\/wp-content\/uploads\/2025\/05\/Risorsa-1-1536x445.png 1536w, https:\/\/albrechtgehse-malerei.com\/wp-content\/uploads\/2025\/05\/Risorsa-1-18x5.png 18w\" sizes=\"(max-width: 2000px) 100vw, 2000px\" \/>\t\t\t\t\t\t\t\t\t\t\t\t\t\t\t<\/div>\n\t\t\t\t<\/div>\n\t\t\t\t\t<\/div>\n\t\t<\/div>\n\t\t\t\t\t<\/div>\n\t\t<\/section>\n\t\t\t\t<section class=\"elementor-section elementor-top-section elementor-element elementor-element-05f01de elementor-section-boxed elementor-section-height-default elementor-section-height-default\" data-id=\"05f01de\" data-element_type=\"section\">\n\t\t\t\t\t\t<div class=\"elementor-container elementor-column-gap-default\">\n\t\t\t\t\t<div class=\"elementor-column elementor-col-100 elementor-top-column elementor-element elementor-element-1f7133b\" data-id=\"1f7133b\" data-element_type=\"column\">\n\t\t\t<div class=\"elementor-widget-wrap elementor-element-populated\">\n\t\t\t\t\t\t<div class=\"elementor-element elementor-element-6f2bc55 animated-slow elementor-invisible elementor-widget elementor-widget-heading\" data-id=\"6f2bc55\" data-element_type=\"widget\" data-settings=\"{&quot;_animation&quot;:&quot;fadeInUp&quot;}\" data-widget_type=\"heading.default\">\n\t\t\t\t<div class=\"elementor-widget-container\">\n\t\t\t\t\t<h1 class=\"elementor-heading-title elementor-size-default\">ALBRECHT GEHSE<\/h1>\t\t\t\t<\/div>\n\t\t\t\t<\/div>\n\t\t\t\t<div class=\"elementor-element elementor-element-2ce4b21 animated-slow elementor-invisible elementor-widget elementor-widget-heading\" data-id=\"2ce4b21\" data-element_type=\"widget\" data-settings=\"{&quot;_animation&quot;:&quot;fadeInUp&quot;}\" data-widget_type=\"heading.default\">\n\t\t\t\t<div class=\"elementor-widget-container\">\n\t\t\t\t\t<h4 class=\"elementor-heading-title elementor-size-default\">Saturday, June 14, 2025 at 4 p.m.<br>\nKunstraum Heilig Geist at UNESCO-Welterbe Zollverein<br>\nMeybuschhof 9, 45327 Essen<\/h4>\t\t\t\t<\/div>\n\t\t\t\t<\/div>\n\t\t\t\t<div class=\"elementor-element elementor-element-b09a62c elementor-align-center elementor-widget elementor-widget-button\" data-id=\"b09a62c\" data-element_type=\"widget\" data-widget_type=\"button.default\">\n\t\t\t\t<div class=\"elementor-widget-container\">\n\t\t\t\t\t\t\t\t\t<div class=\"elementor-button-wrapper\">\n\t\t\t\t\t<a class=\"elementor-button elementor-button-link elementor-size-sm\" href=\"#elementor-action%3Aaction%3Dlightbox%26settings%3DeyJ1cmwiOiJodHRwczpcL1wvYWxicmVjaHRnZWhzZS1tYWxlcmVpLmNvbVwvd3AtY29udGVudFwvdXBsb2Fkc1wvMjAyNVwvMDVcL1NjcmVlbnNob3QtMjAyNS0wNS0yMy1hbGxlLTE0LjI4LjA5LnBuZyIsInR5cGUiOiJpbWFnZSJ9\">\n\t\t\t\t\t\t<span class=\"elementor-button-content-wrapper\">\n\t\t\t\t\t\t\t\t\t<span class=\"elementor-button-text\">INVITATION<\/span>\n\t\t\t\t\t<\/span>\n\t\t\t\t\t<\/a>\n\t\t\t\t<\/div>\n\t\t\t\t\t\t\t\t<\/div>\n\t\t\t\t<\/div>\n\t\t\t\t<div class=\"elementor-element elementor-element-3837902 elementor-widget-divider--separator-type-pattern elementor-widget-divider--view-line elementor-widget elementor-widget-divider\" data-id=\"3837902\" data-element_type=\"widget\" data-widget_type=\"divider.default\">\n\t\t\t\t<div class=\"elementor-widget-container\">\n\t\t\t\t\t\t\t<div class=\"elementor-divider\" style=\"--divider-pattern-url: url(&quot;data:image\/svg+xml,%3Csvg xmlns=&#039;http:\/\/www.w3.org\/2000\/svg&#039; preserveAspectRatio=&#039;none&#039; overflow=&#039;visible&#039; height=&#039;100%&#039; viewBox=&#039;0 0 24 24&#039; fill=&#039;none&#039; stroke=&#039;black&#039; stroke-width=&#039;1&#039; stroke-linecap=&#039;square&#039; stroke-miterlimit=&#039;10&#039;%3E%3Cpath d=&#039;M0,6c6,0,0.9,11.1,6.9,11.1S18,6,24,6&#039;\/%3E%3C\/svg%3E&quot;);\">\n\t\t\t<span class=\"elementor-divider-separator\">\n\t\t\t\t\t\t<\/span>\n\t\t<\/div>\n\t\t\t\t\t\t<\/div>\n\t\t\t\t<\/div>\n\t\t\t\t\t<\/div>\n\t\t<\/div>\n\t\t\t\t\t<\/div>\n\t\t<\/section>\n\t\t\t\t<section class=\"elementor-section elementor-top-section elementor-element elementor-element-92d3aed elementor-section-boxed elementor-section-height-default elementor-section-height-default\" data-id=\"92d3aed\" data-element_type=\"section\">\n\t\t\t\t\t\t<div class=\"elementor-container elementor-column-gap-custom\">\n\t\t\t\t\t<div class=\"elementor-column elementor-col-50 elementor-top-column elementor-element elementor-element-6ebb1ae\" data-id=\"6ebb1ae\" data-element_type=\"column\">\n\t\t\t<div class=\"elementor-widget-wrap elementor-element-populated\">\n\t\t\t\t\t\t<div class=\"elementor-element elementor-element-595c746 animated-slow elementor-invisible elementor-widget elementor-widget-heading\" data-id=\"595c746\" data-element_type=\"widget\" data-settings=\"{&quot;_animation&quot;:&quot;fadeInUp&quot;}\" data-widget_type=\"heading.default\">\n\t\t\t\t<div class=\"elementor-widget-container\">\n\t\t\t\t\t<h2 class=\"elementor-heading-title elementor-size-default\">RELATORS<\/h2>\t\t\t\t<\/div>\n\t\t\t\t<\/div>\n\t\t\t\t<div class=\"elementor-element elementor-element-0f584e6 elementor-widget elementor-widget-text-editor\" data-id=\"0f584e6\" data-element_type=\"widget\" data-widget_type=\"text-editor.default\">\n\t\t\t\t<div class=\"elementor-widget-container\">\n\t\t\t\t\t\t\t\t\t<p><strong>Natalia Taranta<\/strong> \u00b7 Director KUNSTRAUM HEILIG GEIST<br \/><em>Welcome and Book Presentation<\/em><br \/><em>\u201cMayday\u201d, published by Verlag der Buchhandlung<\/em><br \/><em>Walther and Franz K\u00f6nig, K\u00f6ln<\/em><\/p><p><strong>Holger P. H\u00e4rter<\/strong> \u00b7 Publisher<\/p><p><strong>Christoph Tannert<\/strong> \u00b7 Curator<\/p><p><strong>Dr. Peter-Michael Diestel<\/strong> \u00b7  Last Interior Minister of the GDR<\/p>\t\t\t\t\t\t\t\t<\/div>\n\t\t\t\t<\/div>\n\t\t\t\t\t<\/div>\n\t\t<\/div>\n\t\t\t\t<div class=\"elementor-column elementor-col-50 elementor-top-column elementor-element elementor-element-79f4cf1\" data-id=\"79f4cf1\" data-element_type=\"column\">\n\t\t\t<div class=\"elementor-widget-wrap elementor-element-populated\">\n\t\t\t\t\t\t<div class=\"elementor-element elementor-element-973012e animated-slow elementor-invisible elementor-widget elementor-widget-heading\" data-id=\"973012e\" data-element_type=\"widget\" data-settings=\"{&quot;_animation&quot;:&quot;fadeInUp&quot;}\" data-widget_type=\"heading.default\">\n\t\t\t\t<div class=\"elementor-widget-container\">\n\t\t\t\t\t<h2 class=\"elementor-heading-title elementor-size-default\">MUSIC<\/h2>\t\t\t\t<\/div>\n\t\t\t\t<\/div>\n\t\t\t\t<div class=\"elementor-element elementor-element-b15138e elementor-widget elementor-widget-text-editor\" data-id=\"b15138e\" data-element_type=\"widget\" data-widget_type=\"text-editor.default\">\n\t\t\t\t<div class=\"elementor-widget-container\">\n\t\t\t\t\t\t\t\t\t<p><strong>Frank Braun<\/strong> \u00b7 Trumpet<\/p><p><strong>Matthias Schneider-Hollek<\/strong> Sound Design<\/p>\t\t\t\t\t\t\t\t<\/div>\n\t\t\t\t<\/div>\n\t\t\t\t\t<\/div>\n\t\t<\/div>\n\t\t\t\t\t<\/div>\n\t\t<\/section>\n\t\t\t\t<section class=\"elementor-section elementor-top-section elementor-element elementor-element-0e4f5cd elementor-section-full_width elementor-section-height-default elementor-section-height-default\" data-id=\"0e4f5cd\" data-element_type=\"section\">\n\t\t\t\t\t\t<div class=\"elementor-container elementor-column-gap-default\">\n\t\t\t\t\t<div class=\"elementor-column elementor-col-100 elementor-top-column elementor-element elementor-element-86d754b\" data-id=\"86d754b\" data-element_type=\"column\">\n\t\t\t<div class=\"elementor-widget-wrap elementor-element-populated\">\n\t\t\t\t\t\t<div class=\"elementor-element elementor-element-05efbd1 elementor-widget-divider--separator-type-pattern elementor-widget-divider--view-line elementor-widget elementor-widget-divider\" data-id=\"05efbd1\" data-element_type=\"widget\" data-widget_type=\"divider.default\">\n\t\t\t\t<div class=\"elementor-widget-container\">\n\t\t\t\t\t\t\t<div class=\"elementor-divider\" style=\"--divider-pattern-url: url(&quot;data:image\/svg+xml,%3Csvg xmlns=&#039;http:\/\/www.w3.org\/2000\/svg&#039; preserveAspectRatio=&#039;none&#039; overflow=&#039;visible&#039; height=&#039;100%&#039; viewBox=&#039;0 0 24 24&#039; fill=&#039;none&#039; stroke=&#039;black&#039; stroke-width=&#039;1&#039; stroke-linecap=&#039;square&#039; stroke-miterlimit=&#039;10&#039;%3E%3Cpath d=&#039;M0,6c6,0,0.9,11.1,6.9,11.1S18,6,24,6&#039;\/%3E%3C\/svg%3E&quot;);\">\n\t\t\t<span class=\"elementor-divider-separator\">\n\t\t\t\t\t\t<\/span>\n\t\t<\/div>\n\t\t\t\t\t\t<\/div>\n\t\t\t\t<\/div>\n\t\t\t\t<div class=\"elementor-element elementor-element-8663060 elementor-widget elementor-widget-image\" data-id=\"8663060\" data-element_type=\"widget\" data-settings=\"{&quot;motion_fx_motion_fx_scrolling&quot;:&quot;yes&quot;,&quot;motion_fx_scale_effect&quot;:&quot;yes&quot;,&quot;motion_fx_scale_direction&quot;:&quot;in-out-in&quot;,&quot;motion_fx_scale_speed&quot;:{&quot;unit&quot;:&quot;px&quot;,&quot;size&quot;:-6,&quot;sizes&quot;:[]},&quot;motion_fx_scale_range&quot;:{&quot;unit&quot;:&quot;%&quot;,&quot;size&quot;:&quot;&quot;,&quot;sizes&quot;:{&quot;start&quot;:50,&quot;end&quot;:100}},&quot;motion_fx_devices&quot;:[&quot;desktop&quot;,&quot;tablet&quot;,&quot;mobile&quot;]}\" data-widget_type=\"image.default\">\n\t\t\t\t<div class=\"elementor-widget-container\">\n\t\t\t\t\t\t\t\t\t\t\t\t\t\t\t<img decoding=\"async\" width=\"638\" height=\"478\" src=\"https:\/\/albrechtgehse-malerei.com\/wp-content\/uploads\/2025\/05\/IMG_9143_ISO.jpg\" class=\"attachment-full size-full wp-image-9887\" alt=\"\" srcset=\"https:\/\/albrechtgehse-malerei.com\/wp-content\/uploads\/2025\/05\/IMG_9143_ISO.jpg 638w, https:\/\/albrechtgehse-malerei.com\/wp-content\/uploads\/2025\/05\/IMG_9143_ISO-300x225.jpg 300w, https:\/\/albrechtgehse-malerei.com\/wp-content\/uploads\/2025\/05\/IMG_9143_ISO-16x12.jpg 16w\" sizes=\"(max-width: 638px) 100vw, 638px\" \/>\t\t\t\t\t\t\t\t\t\t\t\t\t\t\t<\/div>\n\t\t\t\t<\/div>\n\t\t\t\t<div class=\"elementor-element elementor-element-84b826b elementor-widget-divider--separator-type-pattern elementor-widget-divider--view-line elementor-widget elementor-widget-divider\" data-id=\"84b826b\" data-element_type=\"widget\" data-widget_type=\"divider.default\">\n\t\t\t\t<div class=\"elementor-widget-container\">\n\t\t\t\t\t\t\t<div class=\"elementor-divider\" style=\"--divider-pattern-url: url(&quot;data:image\/svg+xml,%3Csvg xmlns=&#039;http:\/\/www.w3.org\/2000\/svg&#039; preserveAspectRatio=&#039;none&#039; overflow=&#039;visible&#039; height=&#039;100%&#039; viewBox=&#039;0 0 24 24&#039; fill=&#039;none&#039; stroke=&#039;black&#039; stroke-width=&#039;1&#039; stroke-linecap=&#039;square&#039; stroke-miterlimit=&#039;10&#039;%3E%3Cpath d=&#039;M0,6c6,0,0.9,11.1,6.9,11.1S18,6,24,6&#039;\/%3E%3C\/svg%3E&quot;);\">\n\t\t\t<span class=\"elementor-divider-separator\">\n\t\t\t\t\t\t<\/span>\n\t\t<\/div>\n\t\t\t\t\t\t<\/div>\n\t\t\t\t<\/div>\n\t\t\t\t\t<\/div>\n\t\t<\/div>\n\t\t\t\t\t<\/div>\n\t\t<\/section>\n\t\t\t\t<section class=\"elementor-section elementor-top-section elementor-element elementor-element-1e4ba64 elementor-section-boxed elementor-section-height-default elementor-section-height-default\" data-id=\"1e4ba64\" data-element_type=\"section\">\n\t\t\t\t\t\t<div class=\"elementor-container elementor-column-gap-custom\">\n\t\t\t\t\t<div class=\"elementor-column elementor-col-50 elementor-top-column elementor-element elementor-element-b0bba1b\" data-id=\"b0bba1b\" data-element_type=\"column\">\n\t\t\t<div class=\"elementor-widget-wrap elementor-element-populated\">\n\t\t\t\t\t\t<div class=\"elementor-element elementor-element-913e43e elementor-widget elementor-widget-text-editor\" data-id=\"913e43e\" data-element_type=\"widget\" data-widget_type=\"text-editor.default\">\n\t\t\t\t<div class=\"elementor-widget-container\">\n\t\t\t\t\t\t\t\t\t<p>Gehse wants his audience to be inflamed. To achieve this, he is prepared to tumble through even the most opaque worlds. Some sections of the picture vibrate with anarchic wildness, like testosterone-driven muscle rock, while others come across as spun. All sonar devices are on recording standby. Gehse's oeuvre is not one-dimensional; it has gradually developed into a kaleidoscope of possibilities and modes of representation with a pronounced wealth of variations.<\/p><p>In his Cycle of the Powerful (2025), he strips the rose deceivers of world politics of their invisibility cloaks. The painting-specific dislocation of the moment when the deceivers slip out of the frame is Gehse's greatest feat. We see a concatenation of conglomerates open to discourse, which take on the cathartic function of driving into the fodder of debate with all the free-spiritedness one could wish for.<\/p><p class=\"p1\" style=\"text-align: right;\"><i><br \/>Christoph Tannert, Curator, Berlin<\/i><\/p>\t\t\t\t\t\t\t\t<\/div>\n\t\t\t\t<\/div>\n\t\t\t\t\t<\/div>\n\t\t<\/div>\n\t\t\t\t<div class=\"elementor-column elementor-col-50 elementor-top-column elementor-element elementor-element-ef3ad47\" data-id=\"ef3ad47\" data-element_type=\"column\">\n\t\t\t<div class=\"elementor-widget-wrap elementor-element-populated\">\n\t\t\t\t\t\t<section class=\"elementor-section elementor-inner-section elementor-element elementor-element-ef1b2a8 elementor-section-boxed elementor-section-height-default elementor-section-height-default\" data-id=\"ef1b2a8\" data-element_type=\"section\">\n\t\t\t\t\t\t<div class=\"elementor-container elementor-column-gap-no\">\n\t\t\t\t\t<div class=\"elementor-column elementor-col-50 elementor-inner-column elementor-element elementor-element-1209cea\" data-id=\"1209cea\" data-element_type=\"column\">\n\t\t\t<div class=\"elementor-widget-wrap elementor-element-populated\">\n\t\t\t\t\t\t<div class=\"elementor-element elementor-element-5191962 elementor-widget elementor-widget-image\" data-id=\"5191962\" data-element_type=\"widget\" data-widget_type=\"image.default\">\n\t\t\t\t<div class=\"elementor-widget-container\">\n\t\t\t\t\t\t\t\t\t\t\t\t\t\t\t<img decoding=\"async\" width=\"426\" height=\"426\" src=\"https:\/\/albrechtgehse-malerei.com\/wp-content\/uploads\/2025\/05\/Screenshot-2025-05-23-alle-14.41.59-e1748006683997.png\" class=\"attachment-full size-full wp-image-9898\" alt=\"\" srcset=\"https:\/\/albrechtgehse-malerei.com\/wp-content\/uploads\/2025\/05\/Screenshot-2025-05-23-alle-14.41.59-e1748006683997.png 426w, https:\/\/albrechtgehse-malerei.com\/wp-content\/uploads\/2025\/05\/Screenshot-2025-05-23-alle-14.41.59-e1748006683997-300x300.png 300w, https:\/\/albrechtgehse-malerei.com\/wp-content\/uploads\/2025\/05\/Screenshot-2025-05-23-alle-14.41.59-e1748006683997-150x150.png 150w, https:\/\/albrechtgehse-malerei.com\/wp-content\/uploads\/2025\/05\/Screenshot-2025-05-23-alle-14.41.59-e1748006683997-12x12.png 12w\" sizes=\"(max-width: 426px) 100vw, 426px\" \/>\t\t\t\t\t\t\t\t\t\t\t\t\t\t\t<\/div>\n\t\t\t\t<\/div>\n\t\t\t\t<div class=\"elementor-element elementor-element-b76da37 elementor-align-center elementor-widget elementor-widget-button\" data-id=\"b76da37\" data-element_type=\"widget\" data-widget_type=\"button.default\">\n\t\t\t\t<div class=\"elementor-widget-container\">\n\t\t\t\t\t\t\t\t\t<div class=\"elementor-button-wrapper\">\n\t\t\t\t\t<a class=\"elementor-button elementor-button-link elementor-size-sm\" href=\"https:\/\/albrechtgehse-malerei.com\/wp-content\/uploads\/2025\/05\/Buch-2025.pdf\" target=\"_blank\">\n\t\t\t\t\t\t<span class=\"elementor-button-content-wrapper\">\n\t\t\t\t\t\t\t\t\t<span class=\"elementor-button-text\">PREVIEW<\/span>\n\t\t\t\t\t<\/span>\n\t\t\t\t\t<\/a>\n\t\t\t\t<\/div>\n\t\t\t\t\t\t\t\t<\/div>\n\t\t\t\t<\/div>\n\t\t\t\t\t<\/div>\n\t\t<\/div>\n\t\t\t\t<div class=\"elementor-column elementor-col-50 elementor-inner-column elementor-element elementor-element-a5590de\" data-id=\"a5590de\" data-element_type=\"column\">\n\t\t\t<div class=\"elementor-widget-wrap elementor-element-populated\">\n\t\t\t\t\t\t<div class=\"elementor-element elementor-element-6ff55c5 elementor-widget elementor-widget-text-editor\" data-id=\"6ff55c5\" data-element_type=\"widget\" data-widget_type=\"text-editor.default\">\n\t\t\t\t<div class=\"elementor-widget-container\">\n\t\t\t\t\t\t\t\t\t<p class=\"p1\"><span class=\"s1\"><b>ALBRECHT GEHSE<\/b><\/span><\/p><p class=\"p2\">Hardcover, 30,5 x 30,5 cm<br \/><span style=\"font-family: -apple-system, BlinkMacSystemFont, 'Segoe UI', Roboto, 'Helvetica Neue', Arial, 'Noto Sans', sans-serif, 'Apple Color Emoji', 'Segoe UI Emoji', 'Segoe UI Symbol', 'Noto Color Emoji';\">232 Seiten, 146 farbige Abbildungen<br \/><\/span><b style=\"font-family: -apple-system, BlinkMacSystemFont, 'Segoe UI', Roboto, 'Helvetica Neue', Arial, 'Noto Sans', sans-serif, 'Apple Color Emoji', 'Segoe UI Emoji', 'Segoe UI Symbol', 'Noto Color Emoji';\">978-3-7533-0861-6<br \/><\/b><b style=\"font-family: -apple-system, BlinkMacSystemFont, 'Segoe UI', Roboto, 'Helvetica Neue', Arial, 'Noto Sans', sans-serif, 'Apple Color Emoji', 'Segoe UI Emoji', 'Segoe UI Symbol', 'Noto Color Emoji';\">\u20ac 40,00<\/b><\/p><p class=\"p2\"><i>Publisher<br \/>Walther and Franz K\u00f6nig, K\u00f6ln<\/i><\/p><p class=\"p2\">T: +49-221-20596-53<br \/>order@buchhandlung-walther-koenig.de<\/p>\t\t\t\t\t\t\t\t<\/div>\n\t\t\t\t<\/div>\n\t\t\t\t\t<\/div>\n\t\t<\/div>\n\t\t\t\t\t<\/div>\n\t\t<\/section>\n\t\t\t\t\t<\/div>\n\t\t<\/div>\n\t\t\t\t\t<\/div>\n\t\t<\/section>\n\t\t\t\t<\/div>","protected":false},"excerpt":{"rendered":"<p>ALBRECHT GEHSE Samstag, den 14. Juni 2025 um 16 Uhr Kunstraum Heilig Geist am UNESCO-Welterbe Zollverein Meybuschhof 9, 45327 Essen EINLADUNG ES SPRECHEN Natalia Taranta \u00b7 Direktorin KUNSTRAUM HEILIG GEISTBegr\u00fc\u00dfung und Buchvorstellung\u201eMayday\u201c, erschienen im Verlag der BuchhandlungWalther und Franz K\u00f6nig, K\u00f6ln Holger P. H\u00e4rter \u00b7 Herausgeber Christoph Tannert \u00b7 Kurator Dr. Peter-Michael Diestel \u00b7 Letzter [&hellip;]<\/p>","protected":false},"author":5,"featured_media":5833,"parent":0,"menu_order":0,"comment_status":"closed","ping_status":"closed","template":"","meta":{"footnotes":""},"class_list":["post-9877","page","type-page","status-publish","has-post-thumbnail","hentry"],"_links":{"self":[{"href":"https:\/\/albrechtgehse-malerei.com\/en\/wp-json\/wp\/v2\/pages\/9877","targetHints":{"allow":["GET"]}}],"collection":[{"href":"https:\/\/albrechtgehse-malerei.com\/en\/wp-json\/wp\/v2\/pages"}],"about":[{"href":"https:\/\/albrechtgehse-malerei.com\/en\/wp-json\/wp\/v2\/types\/page"}],"author":[{"embeddable":true,"href":"https:\/\/albrechtgehse-malerei.com\/en\/wp-json\/wp\/v2\/users\/5"}],"replies":[{"embeddable":true,"href":"https:\/\/albrechtgehse-malerei.com\/en\/wp-json\/wp\/v2\/comments?post=9877"}],"version-history":[{"count":31,"href":"https:\/\/albrechtgehse-malerei.com\/en\/wp-json\/wp\/v2\/pages\/9877\/revisions"}],"predecessor-version":[{"id":9922,"href":"https:\/\/albrechtgehse-malerei.com\/en\/wp-json\/wp\/v2\/pages\/9877\/revisions\/9922"}],"wp:featuredmedia":[{"embeddable":true,"href":"https:\/\/albrechtgehse-malerei.com\/en\/wp-json\/wp\/v2\/media\/5833"}],"wp:attachment":[{"href":"https:\/\/albrechtgehse-malerei.com\/en\/wp-json\/wp\/v2\/media?parent=9877"}],"curies":[{"name":"wp","href":"https:\/\/api.w.org\/{rel}","templated":true}]}}