{"id":6955,"date":"2021-08-02T12:38:33","date_gmt":"2021-08-02T12:38:33","guid":{"rendered":"https:\/\/gehse.interstruct.com\/?page_id=6955"},"modified":"2021-11-04T11:47:44","modified_gmt":"2021-11-04T11:47:44","slug":"bibliographie-monographien-und-ausstellungskataloge","status":"publish","type":"page","link":"https:\/\/albrechtgehse-malerei.com\/en\/bibliographie-monographien-und-ausstellungskataloge\/","title":{"rendered":"Bibliographie Monographien und Ausstellungskataloge"},"content":{"rendered":"<div data-elementor-type=\"wp-page\" data-elementor-id=\"6955\" class=\"elementor elementor-6955\" data-elementor-post-type=\"page\">\n\t\t\t\t\t\t<section class=\"elementor-section elementor-top-section elementor-element elementor-element-73866db elementor-section-full_width elementor-section-height-default elementor-section-height-default\" data-id=\"73866db\" data-element_type=\"section\">\n\t\t\t\t\t\t<div class=\"elementor-container elementor-column-gap-no\">\n\t\t\t\t\t<div class=\"elementor-column elementor-col-100 elementor-top-column elementor-element elementor-element-d2d812e\" data-id=\"d2d812e\" data-element_type=\"column\">\n\t\t\t<div class=\"elementor-widget-wrap elementor-element-populated\">\n\t\t\t\t\t\t<div class=\"elementor-element elementor-element-26ab170 animated-slow elementor-invisible elementor-widget elementor-widget-heading\" data-id=\"26ab170\" data-element_type=\"widget\" data-settings=\"{&quot;_animation&quot;:&quot;fadeInUp&quot;}\" data-widget_type=\"heading.default\">\n\t\t\t\t<div class=\"elementor-widget-container\">\n\t\t\t\t\t<h3 class=\"elementor-heading-title elementor-size-default\">Bibliography<\/h3>\t\t\t\t<\/div>\n\t\t\t\t<\/div>\n\t\t\t\t<div class=\"elementor-element elementor-element-7460750 elementor-widget elementor-widget-spacer\" data-id=\"7460750\" data-element_type=\"widget\" data-widget_type=\"spacer.default\">\n\t\t\t\t<div class=\"elementor-widget-container\">\n\t\t\t\t\t\t\t<div class=\"elementor-spacer\">\n\t\t\t<div class=\"elementor-spacer-inner\"><\/div>\n\t\t<\/div>\n\t\t\t\t\t\t<\/div>\n\t\t\t\t<\/div>\n\t\t\t\t<div class=\"elementor-element elementor-element-5ae86a1 animated-slow elementor-invisible elementor-widget elementor-widget-heading\" data-id=\"5ae86a1\" data-element_type=\"widget\" data-settings=\"{&quot;_animation&quot;:&quot;fadeIn&quot;,&quot;_animation_delay&quot;:200}\" data-widget_type=\"heading.default\">\n\t\t\t\t<div class=\"elementor-widget-container\">\n\t\t\t\t\t<h5 class=\"elementor-heading-title elementor-size-default\">Monographs and exhibition catalogs<\/h5>\t\t\t\t<\/div>\n\t\t\t\t<\/div>\n\t\t\t\t<div class=\"elementor-element elementor-element-297efe0 elementor-widget elementor-widget-spacer\" data-id=\"297efe0\" data-element_type=\"widget\" data-widget_type=\"spacer.default\">\n\t\t\t\t<div class=\"elementor-widget-container\">\n\t\t\t\t\t\t\t<div class=\"elementor-spacer\">\n\t\t\t<div class=\"elementor-spacer-inner\"><\/div>\n\t\t<\/div>\n\t\t\t\t\t\t<\/div>\n\t\t\t\t<\/div>\n\t\t\t\t<section class=\"elementor-section elementor-inner-section elementor-element elementor-element-3d64d29 elementor-section-full_width elementor-section-height-default elementor-section-height-default\" data-id=\"3d64d29\" data-element_type=\"section\">\n\t\t\t\t\t\t<div class=\"elementor-container elementor-column-gap-no\">\n\t\t\t\t\t<div class=\"elementor-column elementor-col-100 elementor-inner-column elementor-element elementor-element-fab2d1d animated-slow elementor-invisible\" data-id=\"fab2d1d\" data-element_type=\"column\" data-settings=\"{&quot;animation&quot;:&quot;fadeIn&quot;,&quot;animation_delay&quot;:200}\">\n\t\t\t<div class=\"elementor-widget-wrap elementor-element-populated\">\n\t\t\t\t\t\t<div class=\"elementor-element elementor-element-ea9e692 elementor-position-left animated-slow elementor-view-default elementor-mobile-position-top elementor-vertical-align-top elementor-widget elementor-widget-icon-box\" data-id=\"ea9e692\" data-element_type=\"widget\" data-settings=\"{&quot;_animation&quot;:&quot;none&quot;}\" data-widget_type=\"icon-box.default\">\n\t\t\t\t<div class=\"elementor-widget-container\">\n\t\t\t\t\t\t\t<div class=\"elementor-icon-box-wrapper\">\n\n\t\t\t\t\t\t<div class=\"elementor-icon-box-icon\">\n\t\t\t\t<span  class=\"elementor-icon\">\n\t\t\t\t<svg xmlns=\"http:\/\/www.w3.org\/2000\/svg\" viewbox=\"0 0 12 12\"><polyline points=\"1 8.97 11 8.97 11 1 1 1\" style=\"fill:none;stroke:#fff;stroke-linecap:square;stroke-miterlimit:10;stroke-width:0.5px\"><\/polyline><line x1=\"1\" y1=\"11\" x2=\"11\" y2=\"11\" style=\"fill:none;stroke:#fff;stroke-linecap:square;stroke-miterlimit:10;stroke-width:0.5px\"><\/line><line x1=\"1\" y1=\"10\" x2=\"10.17\" y2=\"10\" style=\"fill:none;stroke:#fff;stroke-linecap:square;stroke-miterlimit:10;stroke-width:0.5px\"><\/line><line x1=\"5.17\" y1=\"3.71\" x2=\"9.33\" y2=\"3.71\" style=\"fill:none;stroke:#fff;stroke-linecap:square;stroke-miterlimit:10;stroke-width:0.5px\"><\/line><line x1=\"9.33\" y1=\"2.67\" x2=\"4.33\" y2=\"2.67\" style=\"fill:none;stroke:#fff;stroke-linecap:square;stroke-miterlimit:10;stroke-width:0.5px\"><\/line><line x1=\"9.33\" y1=\"4.75\" x2=\"6.83\" y2=\"4.75\" style=\"fill:none;stroke:#fff;stroke-linecap:square;stroke-miterlimit:10;stroke-width:0.5px\"><\/line><\/svg>\t\t\t\t<\/span>\n\t\t\t<\/div>\n\t\t\t\n\t\t\t\t\t\t<div class=\"elementor-icon-box-content\">\n\n\t\t\t\t\t\t\t\t\t<h6 class=\"elementor-icon-box-title\">\n\t\t\t\t\t\t<span  >\n\t\t\t\t\t\t\tMartin Damus\t\t\t\t\t\t<\/span>\n\t\t\t\t\t<\/h6>\n\t\t\t\t\n\t\t\t\t\t\t\t\t\t<p class=\"elementor-icon-box-description\">\n\t\t\t\t\t\tMalerei der DDR. Funktionen der bildenden Kunst im Realen Sozialismus, Reinbek bei Hamburg: Rowohlt Taschenbuche Verlag1991(rowohlts enzyklop\u00e4die. Herausgegeben von Burghard K\u00f6nig, 524)Dresden, Halle, Leipzig Kunstzentren der 80er Jahre in Europa. Vorgestellt von den Kunstvereinen Speyer, Ludwigshafen, Mainzmit Unterst\u00fctzungdes Kultusministeriums Rheinland-Pfallz, Ausst.-Kat. Speyer, Ludwigshafen, Mainz 1991\n\n\n\n\n\n\n\n\t\t\t\t\t<\/p>\n\t\t\t\t\n\t\t\t<\/div>\n\t\t\t\n\t\t<\/div>\n\t\t\t\t\t\t<\/div>\n\t\t\t\t<\/div>\n\t\t\t\t<div class=\"elementor-element elementor-element-f3a5b23 elementor-position-left animated-slow elementor-view-default elementor-mobile-position-top elementor-vertical-align-top elementor-widget elementor-widget-icon-box\" data-id=\"f3a5b23\" data-element_type=\"widget\" data-settings=\"{&quot;_animation&quot;:&quot;none&quot;}\" data-widget_type=\"icon-box.default\">\n\t\t\t\t<div class=\"elementor-widget-container\">\n\t\t\t\t\t\t\t<div class=\"elementor-icon-box-wrapper\">\n\n\t\t\t\t\t\t<div class=\"elementor-icon-box-icon\">\n\t\t\t\t<span  class=\"elementor-icon\">\n\t\t\t\t<svg xmlns=\"http:\/\/www.w3.org\/2000\/svg\" viewbox=\"0 0 12 12\"><polyline points=\"1 8.97 11 8.97 11 1 1 1\" style=\"fill:none;stroke:#fff;stroke-linecap:square;stroke-miterlimit:10;stroke-width:0.5px\"><\/polyline><line x1=\"1\" y1=\"11\" x2=\"11\" y2=\"11\" style=\"fill:none;stroke:#fff;stroke-linecap:square;stroke-miterlimit:10;stroke-width:0.5px\"><\/line><line x1=\"1\" y1=\"10\" x2=\"10.17\" y2=\"10\" style=\"fill:none;stroke:#fff;stroke-linecap:square;stroke-miterlimit:10;stroke-width:0.5px\"><\/line><line x1=\"5.17\" y1=\"3.71\" x2=\"9.33\" y2=\"3.71\" style=\"fill:none;stroke:#fff;stroke-linecap:square;stroke-miterlimit:10;stroke-width:0.5px\"><\/line><line x1=\"9.33\" y1=\"2.67\" x2=\"4.33\" y2=\"2.67\" style=\"fill:none;stroke:#fff;stroke-linecap:square;stroke-miterlimit:10;stroke-width:0.5px\"><\/line><line x1=\"9.33\" y1=\"4.75\" x2=\"6.83\" y2=\"4.75\" style=\"fill:none;stroke:#fff;stroke-linecap:square;stroke-miterlimit:10;stroke-width:0.5px\"><\/line><\/svg>\t\t\t\t<\/span>\n\t\t\t<\/div>\n\t\t\t\n\t\t\t\t\t\t<div class=\"elementor-icon-box-content\">\n\n\t\t\t\t\t\t\t\t\t<h6 class=\"elementor-icon-box-title\">\n\t\t\t\t\t\t<span  >\n\t\t\t\t\t\t\tEckhart Gillen\/Rainer Haarmann\t\t\t\t\t\t<\/span>\n\t\t\t\t\t<\/h6>\n\t\t\t\t\n\t\t\t\t\t\t\t\t\t<p class=\"elementor-icon-box-description\">\n\t\t\t\t\t\tDie falschen RatgKunst in der DDR, K\u00f6ln: Verlag Kiepenheuer & Witsch 1990 (A. G.: S. 345) (Hrsgg.)\n\n? Malerei Albrecht Gehses in der Galerie im KMU-H\u00f6rsaalbau ,in: LVZ, 27.\/28.1.1990, S. 6\n\n\n\n\n\n\n\n\n\n\n\n\t\t\t\t\t<\/p>\n\t\t\t\t\n\t\t\t<\/div>\n\t\t\t\n\t\t<\/div>\n\t\t\t\t\t\t<\/div>\n\t\t\t\t<\/div>\n\t\t\t\t<div class=\"elementor-element elementor-element-9a73ed6 elementor-position-left animated-slow elementor-view-default elementor-mobile-position-top elementor-vertical-align-top elementor-widget elementor-widget-icon-box\" data-id=\"9a73ed6\" data-element_type=\"widget\" data-settings=\"{&quot;_animation&quot;:&quot;none&quot;}\" data-widget_type=\"icon-box.default\">\n\t\t\t\t<div class=\"elementor-widget-container\">\n\t\t\t\t\t\t\t<div class=\"elementor-icon-box-wrapper\">\n\n\t\t\t\t\t\t<div class=\"elementor-icon-box-icon\">\n\t\t\t\t<span  class=\"elementor-icon\">\n\t\t\t\t<svg xmlns=\"http:\/\/www.w3.org\/2000\/svg\" viewbox=\"0 0 12 12\"><polyline points=\"1 8.97 11 8.97 11 1 1 1\" style=\"fill:none;stroke:#fff;stroke-linecap:square;stroke-miterlimit:10;stroke-width:0.5px\"><\/polyline><line x1=\"1\" y1=\"11\" x2=\"11\" y2=\"11\" style=\"fill:none;stroke:#fff;stroke-linecap:square;stroke-miterlimit:10;stroke-width:0.5px\"><\/line><line x1=\"1\" y1=\"10\" x2=\"10.17\" y2=\"10\" style=\"fill:none;stroke:#fff;stroke-linecap:square;stroke-miterlimit:10;stroke-width:0.5px\"><\/line><line x1=\"5.17\" y1=\"3.71\" x2=\"9.33\" y2=\"3.71\" style=\"fill:none;stroke:#fff;stroke-linecap:square;stroke-miterlimit:10;stroke-width:0.5px\"><\/line><line x1=\"9.33\" y1=\"2.67\" x2=\"4.33\" y2=\"2.67\" style=\"fill:none;stroke:#fff;stroke-linecap:square;stroke-miterlimit:10;stroke-width:0.5px\"><\/line><line x1=\"9.33\" y1=\"4.75\" x2=\"6.83\" y2=\"4.75\" style=\"fill:none;stroke:#fff;stroke-linecap:square;stroke-miterlimit:10;stroke-width:0.5px\"><\/line><\/svg>\t\t\t\t<\/span>\n\t\t\t<\/div>\n\t\t\t\n\t\t\t\t\t\t<div class=\"elementor-icon-box-content\">\n\n\t\t\t\t\t\t\t\t\t<h6 class=\"elementor-icon-box-title\">\n\t\t\t\t\t\t<span  >\n\t\t\t\t\t\t\tDieter Gleisberg\t\t\t\t\t\t<\/span>\n\t\t\t\t\t<\/h6>\n\t\t\t\t\n\t\t\t\t\t\t\t\t\t<p class=\"elementor-icon-box-description\">\n\t\t\t\t\t\tDie Chance an einem Welbild mitzuarbeiten, in: Kunst in Leipzig. Malerei, Grafik, Plastik. 1949-1984,Ausst.- Kat. Leipzig 1984, S. 3-12 (A. G.: S. 12)\n\n\n\n\n\n\n\n\n\n\n\n\n\n\n\n\n\n\n\n\n\n\n\n\n\n\n\n\t\t\t\t\t<\/p>\n\t\t\t\t\n\t\t\t<\/div>\n\t\t\t\n\t\t<\/div>\n\t\t\t\t\t\t<\/div>\n\t\t\t\t<\/div>\n\t\t\t\t<div class=\"elementor-element elementor-element-0b7102e elementor-position-left animated-slow elementor-view-default elementor-mobile-position-top elementor-vertical-align-top elementor-widget elementor-widget-icon-box\" data-id=\"0b7102e\" data-element_type=\"widget\" data-settings=\"{&quot;_animation&quot;:&quot;none&quot;}\" data-widget_type=\"icon-box.default\">\n\t\t\t\t<div class=\"elementor-widget-container\">\n\t\t\t\t\t\t\t<div class=\"elementor-icon-box-wrapper\">\n\n\t\t\t\t\t\t<div class=\"elementor-icon-box-icon\">\n\t\t\t\t<span  class=\"elementor-icon\">\n\t\t\t\t<svg xmlns=\"http:\/\/www.w3.org\/2000\/svg\" viewbox=\"0 0 12 12\"><polyline points=\"1 8.97 11 8.97 11 1 1 1\" style=\"fill:none;stroke:#fff;stroke-linecap:square;stroke-miterlimit:10;stroke-width:0.5px\"><\/polyline><line x1=\"1\" y1=\"11\" x2=\"11\" y2=\"11\" style=\"fill:none;stroke:#fff;stroke-linecap:square;stroke-miterlimit:10;stroke-width:0.5px\"><\/line><line x1=\"1\" y1=\"10\" x2=\"10.17\" y2=\"10\" style=\"fill:none;stroke:#fff;stroke-linecap:square;stroke-miterlimit:10;stroke-width:0.5px\"><\/line><line x1=\"5.17\" y1=\"3.71\" x2=\"9.33\" y2=\"3.71\" style=\"fill:none;stroke:#fff;stroke-linecap:square;stroke-miterlimit:10;stroke-width:0.5px\"><\/line><line x1=\"9.33\" y1=\"2.67\" x2=\"4.33\" y2=\"2.67\" style=\"fill:none;stroke:#fff;stroke-linecap:square;stroke-miterlimit:10;stroke-width:0.5px\"><\/line><line x1=\"9.33\" y1=\"4.75\" x2=\"6.83\" y2=\"4.75\" style=\"fill:none;stroke:#fff;stroke-linecap:square;stroke-miterlimit:10;stroke-width:0.5px\"><\/line><\/svg>\t\t\t\t<\/span>\n\t\t\t<\/div>\n\t\t\t\n\t\t\t\t\t\t<div class=\"elementor-icon-box-content\">\n\n\t\t\t\t\t\t\t\t\t<h6 class=\"elementor-icon-box-title\">\n\t\t\t\t\t\t<span  >\n\t\t\t\t\t\t\tKonturen\t\t\t\t\t\t<\/span>\n\t\t\t\t\t<\/h6>\n\t\t\t\t\n\t\t\t\t\t\t\t\t\t<p class=\"elementor-icon-box-description\">\n\t\t\t\t\t\tWerke seit 1949 geborener K\u00fcnstler der DDR. Ausstellung anl\u00e4\u00dflich des 40. Jahrestages der Gr\u00fcndung der DDR, Ausst.-Kat. Berlin(DDR) 1989\n\n\n\n\n\n\n\n\n\n\n\n\n\n\n\n\n\n\n\n\n\n\n\n\n\n\n\n\t\t\t\t\t<\/p>\n\t\t\t\t\n\t\t\t<\/div>\n\t\t\t\n\t\t<\/div>\n\t\t\t\t\t\t<\/div>\n\t\t\t\t<\/div>\n\t\t\t\t<div class=\"elementor-element elementor-element-9471fe2 elementor-position-left animated-slow elementor-view-default elementor-mobile-position-top elementor-vertical-align-top elementor-widget elementor-widget-icon-box\" data-id=\"9471fe2\" data-element_type=\"widget\" data-settings=\"{&quot;_animation&quot;:&quot;none&quot;}\" data-widget_type=\"icon-box.default\">\n\t\t\t\t<div class=\"elementor-widget-container\">\n\t\t\t\t\t\t\t<div class=\"elementor-icon-box-wrapper\">\n\n\t\t\t\t\t\t<div class=\"elementor-icon-box-icon\">\n\t\t\t\t<span  class=\"elementor-icon\">\n\t\t\t\t<svg xmlns=\"http:\/\/www.w3.org\/2000\/svg\" viewbox=\"0 0 12 12\"><polyline points=\"1 8.97 11 8.97 11 1 1 1\" style=\"fill:none;stroke:#fff;stroke-linecap:square;stroke-miterlimit:10;stroke-width:0.5px\"><\/polyline><line x1=\"1\" y1=\"11\" x2=\"11\" y2=\"11\" style=\"fill:none;stroke:#fff;stroke-linecap:square;stroke-miterlimit:10;stroke-width:0.5px\"><\/line><line x1=\"1\" y1=\"10\" x2=\"10.17\" y2=\"10\" style=\"fill:none;stroke:#fff;stroke-linecap:square;stroke-miterlimit:10;stroke-width:0.5px\"><\/line><line x1=\"5.17\" y1=\"3.71\" x2=\"9.33\" y2=\"3.71\" style=\"fill:none;stroke:#fff;stroke-linecap:square;stroke-miterlimit:10;stroke-width:0.5px\"><\/line><line x1=\"9.33\" y1=\"2.67\" x2=\"4.33\" y2=\"2.67\" style=\"fill:none;stroke:#fff;stroke-linecap:square;stroke-miterlimit:10;stroke-width:0.5px\"><\/line><line x1=\"9.33\" y1=\"4.75\" x2=\"6.83\" y2=\"4.75\" style=\"fill:none;stroke:#fff;stroke-linecap:square;stroke-miterlimit:10;stroke-width:0.5px\"><\/line><\/svg>\t\t\t\t<\/span>\n\t\t\t<\/div>\n\t\t\t\n\t\t\t\t\t\t<div class=\"elementor-icon-box-content\">\n\n\t\t\t\t\t\t\t\t\t<h6 class=\"elementor-icon-box-title\">\n\t\t\t\t\t\t<span  >\n\t\t\t\t\t\t\tLeipziger Schule\t\t\t\t\t\t<\/span>\n\t\t\t\t\t<\/h6>\n\t\t\t\t\n\t\t\t\t\t\t\t\t\t<p class=\"elementor-icon-box-description\">\n\t\t\t\t\t\tMalerei\/ Grafik\/ Fotografie. Lehrer und Absolventen der Hochschule f\u00fcr Grafik und Buchkunst Leipzig (Ausst.-Kat.).Herausgegeben vom Ludwig-lnstitut f\u00fcr Kunst der DDR Oberhausen, Ausst.- Kat. Oberhausen 1989\n\n\n\n\n\n\n\n\n\n\n\n\n\n\n\n\n\n\n\n\n\n\n\n\n\t\t\t\t\t<\/p>\n\t\t\t\t\n\t\t\t<\/div>\n\t\t\t\n\t\t<\/div>\n\t\t\t\t\t\t<\/div>\n\t\t\t\t<\/div>\n\t\t\t\t<div class=\"elementor-element elementor-element-7db8310 elementor-position-left animated-slow elementor-view-default elementor-mobile-position-top elementor-vertical-align-top elementor-widget elementor-widget-icon-box\" data-id=\"7db8310\" data-element_type=\"widget\" data-settings=\"{&quot;_animation&quot;:&quot;none&quot;}\" data-widget_type=\"icon-box.default\">\n\t\t\t\t<div class=\"elementor-widget-container\">\n\t\t\t\t\t\t\t<div class=\"elementor-icon-box-wrapper\">\n\n\t\t\t\t\t\t<div class=\"elementor-icon-box-icon\">\n\t\t\t\t<span  class=\"elementor-icon\">\n\t\t\t\t<svg xmlns=\"http:\/\/www.w3.org\/2000\/svg\" viewbox=\"0 0 12 12\"><polyline points=\"1 8.97 11 8.97 11 1 1 1\" style=\"fill:none;stroke:#fff;stroke-linecap:square;stroke-miterlimit:10;stroke-width:0.5px\"><\/polyline><line x1=\"1\" y1=\"11\" x2=\"11\" y2=\"11\" style=\"fill:none;stroke:#fff;stroke-linecap:square;stroke-miterlimit:10;stroke-width:0.5px\"><\/line><line x1=\"1\" y1=\"10\" x2=\"10.17\" y2=\"10\" style=\"fill:none;stroke:#fff;stroke-linecap:square;stroke-miterlimit:10;stroke-width:0.5px\"><\/line><line x1=\"5.17\" y1=\"3.71\" x2=\"9.33\" y2=\"3.71\" style=\"fill:none;stroke:#fff;stroke-linecap:square;stroke-miterlimit:10;stroke-width:0.5px\"><\/line><line x1=\"9.33\" y1=\"2.67\" x2=\"4.33\" y2=\"2.67\" style=\"fill:none;stroke:#fff;stroke-linecap:square;stroke-miterlimit:10;stroke-width:0.5px\"><\/line><line x1=\"9.33\" y1=\"4.75\" x2=\"6.83\" y2=\"4.75\" style=\"fill:none;stroke:#fff;stroke-linecap:square;stroke-miterlimit:10;stroke-width:0.5px\"><\/line><\/svg>\t\t\t\t<\/span>\n\t\t\t<\/div>\n\t\t\t\n\t\t\t\t\t\t<div class=\"elementor-icon-box-content\">\n\n\t\t\t\t\t\t\t\t\t<h6 class=\"elementor-icon-box-title\">\n\t\t\t\t\t\t<span  >\n\t\t\t\t\t\t\tPeter Pachnicke\t\t\t\t\t\t<\/span>\n\t\t\t\t\t<\/h6>\n\t\t\t\t\n\t\t\t\t\t\t\t\t\t<p class=\"elementor-icon-box-description\">\n\t\t\t\t\t\t\"ln jeder Figur stecke ich drin\". Innovation der Figurenmalerei, in: J\u00f6rn Merkert\/ Peter Pachnicke (Hrsgg.),Bernhard Heisig. Retrospektive, Ausst.-Kat. Berlin, M\u00fcnschen: Prestel Verlag 1989, S. 9-25 ( A. G.: S. 14, Anm. 26).\n\n\n\n\n\n\n\n\n\n\n\n\n\n\n\n\n\n\n\n\n\n\n\n\n\n\t\t\t\t\t<\/p>\n\t\t\t\t\n\t\t\t<\/div>\n\t\t\t\n\t\t<\/div>\n\t\t\t\t\t\t<\/div>\n\t\t\t\t<\/div>\n\t\t\t\t<div class=\"elementor-element elementor-element-e28116c elementor-position-left animated-slow elementor-view-default elementor-mobile-position-top elementor-vertical-align-top elementor-widget elementor-widget-icon-box\" data-id=\"e28116c\" data-element_type=\"widget\" data-settings=\"{&quot;_animation&quot;:&quot;none&quot;}\" data-widget_type=\"icon-box.default\">\n\t\t\t\t<div class=\"elementor-widget-container\">\n\t\t\t\t\t\t\t<div class=\"elementor-icon-box-wrapper\">\n\n\t\t\t\t\t\t<div class=\"elementor-icon-box-icon\">\n\t\t\t\t<span  class=\"elementor-icon\">\n\t\t\t\t<svg xmlns=\"http:\/\/www.w3.org\/2000\/svg\" viewbox=\"0 0 12 12\"><polyline points=\"1 8.97 11 8.97 11 1 1 1\" style=\"fill:none;stroke:#fff;stroke-linecap:square;stroke-miterlimit:10;stroke-width:0.5px\"><\/polyline><line x1=\"1\" y1=\"11\" x2=\"11\" y2=\"11\" style=\"fill:none;stroke:#fff;stroke-linecap:square;stroke-miterlimit:10;stroke-width:0.5px\"><\/line><line x1=\"1\" y1=\"10\" x2=\"10.17\" y2=\"10\" style=\"fill:none;stroke:#fff;stroke-linecap:square;stroke-miterlimit:10;stroke-width:0.5px\"><\/line><line x1=\"5.17\" y1=\"3.71\" x2=\"9.33\" y2=\"3.71\" style=\"fill:none;stroke:#fff;stroke-linecap:square;stroke-miterlimit:10;stroke-width:0.5px\"><\/line><line x1=\"9.33\" y1=\"2.67\" x2=\"4.33\" y2=\"2.67\" style=\"fill:none;stroke:#fff;stroke-linecap:square;stroke-miterlimit:10;stroke-width:0.5px\"><\/line><line x1=\"9.33\" y1=\"4.75\" x2=\"6.83\" y2=\"4.75\" style=\"fill:none;stroke:#fff;stroke-linecap:square;stroke-miterlimit:10;stroke-width:0.5px\"><\/line><\/svg>\t\t\t\t<\/span>\n\t\t\t<\/div>\n\t\t\t\n\t\t\t\t\t\t<div class=\"elementor-icon-box-content\">\n\n\t\t\t\t\t\t\t\t\t<h6 class=\"elementor-icon-box-title\">\n\t\t\t\t\t\t<span  >\n\t\t\t\t\t\t\tX. Kongre\u00df\t\t\t\t\t\t<\/span>\n\t\t\t\t\t<\/h6>\n\t\t\t\t\n\t\t\t\t\t\t\t\t\t<p class=\"elementor-icon-box-description\">\n\t\t\t\t\t\tDes Verbandes Bildender K\u00fcnstler der Deutschen Demokratischen Republik, Berlin, 22.-24.11.1988. Dokumentation2 Arbeitsgruppen, Berlin (DDR) 1989 (A. G.:S. 198\/ 199)\n\n\n\n\n\n\n\n\n\n\n\n\n\n\n\n\n\n\n\n\n\n\n\n\n\n\n\t\t\t\t\t<\/p>\n\t\t\t\t\n\t\t\t<\/div>\n\t\t\t\n\t\t<\/div>\n\t\t\t\t\t\t<\/div>\n\t\t\t\t<\/div>\n\t\t\t\t\t<\/div>\n\t\t<\/div>\n\t\t\t\t\t<\/div>\n\t\t<\/section>\n\t\t\t\t\t<\/div>\n\t\t<\/div>\n\t\t\t\t\t<\/div>\n\t\t<\/section>\n\t\t\t\t<\/div>","protected":false},"excerpt":{"rendered":"<p>Bibliographie Monographien und Ausstellungskataloge Martin Damus Malerei der DDR. Funktionen der bildenden Kunst im Realen Sozialismus, Reinbek bei Hamburg: Rowohlt Taschenbuche Verlag1991(rowohlts enzyklop\u00e4die. Herausgegeben von Burghard K\u00f6nig, 524)Dresden, Halle, Leipzig Kunstzentren der 80er Jahre in Europa. Vorgestellt von den Kunstvereinen Speyer, Ludwigshafen, Mainzmit Unterst\u00fctzungdes Kultusministeriums Rheinland-Pfallz, Ausst.-Kat. Speyer, Ludwigshafen, Mainz 1991 Eckhart Gillen\/Rainer Haarmann Die [&hellip;]<\/p>","protected":false},"author":5,"featured_media":5833,"parent":0,"menu_order":0,"comment_status":"closed","ping_status":"closed","template":"","meta":{"footnotes":""},"class_list":["post-6955","page","type-page","status-publish","has-post-thumbnail","hentry"],"_links":{"self":[{"href":"https:\/\/albrechtgehse-malerei.com\/en\/wp-json\/wp\/v2\/pages\/6955","targetHints":{"allow":["GET"]}}],"collection":[{"href":"https:\/\/albrechtgehse-malerei.com\/en\/wp-json\/wp\/v2\/pages"}],"about":[{"href":"https:\/\/albrechtgehse-malerei.com\/en\/wp-json\/wp\/v2\/types\/page"}],"author":[{"embeddable":true,"href":"https:\/\/albrechtgehse-malerei.com\/en\/wp-json\/wp\/v2\/users\/5"}],"replies":[{"embeddable":true,"href":"https:\/\/albrechtgehse-malerei.com\/en\/wp-json\/wp\/v2\/comments?post=6955"}],"version-history":[{"count":7,"href":"https:\/\/albrechtgehse-malerei.com\/en\/wp-json\/wp\/v2\/pages\/6955\/revisions"}],"predecessor-version":[{"id":9245,"href":"https:\/\/albrechtgehse-malerei.com\/en\/wp-json\/wp\/v2\/pages\/6955\/revisions\/9245"}],"wp:featuredmedia":[{"embeddable":true,"href":"https:\/\/albrechtgehse-malerei.com\/en\/wp-json\/wp\/v2\/media\/5833"}],"wp:attachment":[{"href":"https:\/\/albrechtgehse-malerei.com\/en\/wp-json\/wp\/v2\/media?parent=6955"}],"curies":[{"name":"wp","href":"https:\/\/api.w.org\/{rel}","templated":true}]}}