{"id":6941,"date":"2021-08-02T12:29:52","date_gmt":"2021-08-02T12:29:52","guid":{"rendered":"https:\/\/gehse.interstruct.com\/?page_id=6941"},"modified":"2021-11-04T12:15:09","modified_gmt":"2021-11-04T12:15:09","slug":"buecher","status":"publish","type":"page","link":"https:\/\/albrechtgehse-malerei.com\/en\/buecher\/","title":{"rendered":"Books"},"content":{"rendered":"<div data-elementor-type=\"wp-page\" data-elementor-id=\"6941\" class=\"elementor elementor-6941\" data-elementor-post-type=\"page\">\n\t\t\t\t\t\t<section class=\"elementor-section elementor-top-section elementor-element elementor-element-e834e04 elementor-section-full_width elementor-section-stretched elementor-section-height-default elementor-section-height-default\" data-id=\"e834e04\" data-element_type=\"section\" data-settings=\"{&quot;stretch_section&quot;:&quot;section-stretched&quot;}\">\n\t\t\t\t\t\t<div class=\"elementor-container elementor-column-gap-no\">\n\t\t\t\t\t<div class=\"elementor-column elementor-col-100 elementor-top-column elementor-element elementor-element-73e8239\" data-id=\"73e8239\" data-element_type=\"column\">\n\t\t\t<div class=\"elementor-widget-wrap elementor-element-populated\">\n\t\t\t\t\t\t<div class=\"elementor-element elementor-element-5550c39 animated-slow elementor-invisible elementor-widget elementor-widget-heading\" data-id=\"5550c39\" data-element_type=\"widget\" data-settings=\"{&quot;_animation&quot;:&quot;fadeInUp&quot;}\" data-widget_type=\"heading.default\">\n\t\t\t\t<div class=\"elementor-widget-container\">\n\t\t\t\t\t<h3 class=\"elementor-heading-title elementor-size-default\">Books<\/h3>\t\t\t\t<\/div>\n\t\t\t\t<\/div>\n\t\t\t\t<div class=\"elementor-element elementor-element-ade920d elementor-widget elementor-widget-spacer\" data-id=\"ade920d\" data-element_type=\"widget\" data-widget_type=\"spacer.default\">\n\t\t\t\t<div class=\"elementor-widget-container\">\n\t\t\t\t\t\t\t<div class=\"elementor-spacer\">\n\t\t\t<div class=\"elementor-spacer-inner\"><\/div>\n\t\t<\/div>\n\t\t\t\t\t\t<\/div>\n\t\t\t\t<\/div>\n\t\t\t\t<section class=\"elementor-section elementor-inner-section elementor-element elementor-element-e840ee2 elementor-section-full_width animated-slow elementor-section-height-default elementor-section-height-default elementor-invisible\" data-id=\"e840ee2\" data-element_type=\"section\" data-settings=\"{&quot;animation&quot;:&quot;fadeIn&quot;,&quot;animation_delay&quot;:200}\">\n\t\t\t\t\t\t<div class=\"elementor-container elementor-column-gap-no\">\n\t\t\t\t\t<div class=\"elementor-column elementor-col-50 elementor-inner-column elementor-element elementor-element-5df4bf0\" data-id=\"5df4bf0\" data-element_type=\"column\">\n\t\t\t<div class=\"elementor-widget-wrap elementor-element-populated\">\n\t\t\t\t\t\t<div class=\"elementor-element elementor-element-53565db elementor-widget elementor-widget-image\" data-id=\"53565db\" data-element_type=\"widget\" data-widget_type=\"image.default\">\n\t\t\t\t<div class=\"elementor-widget-container\">\n\t\t\t\t\t\t\t\t\t\t\t\t\t\t\t<img fetchpriority=\"high\" decoding=\"async\" width=\"413\" height=\"412\" src=\"https:\/\/albrechtgehse-malerei.com\/wp-content\/uploads\/2021\/08\/publikation_buch_und_beschreibung.png\" class=\"attachment-full size-full wp-image-6926\" alt=\"\" srcset=\"https:\/\/albrechtgehse-malerei.com\/wp-content\/uploads\/2021\/08\/publikation_buch_und_beschreibung.png 413w, https:\/\/albrechtgehse-malerei.com\/wp-content\/uploads\/2021\/08\/publikation_buch_und_beschreibung-300x300.png 300w, https:\/\/albrechtgehse-malerei.com\/wp-content\/uploads\/2021\/08\/publikation_buch_und_beschreibung-150x150.png 150w, https:\/\/albrechtgehse-malerei.com\/wp-content\/uploads\/2021\/08\/publikation_buch_und_beschreibung-12x12.png 12w\" sizes=\"(max-width: 413px) 100vw, 413px\" \/>\t\t\t\t\t\t\t\t\t\t\t\t\t\t\t<\/div>\n\t\t\t\t<\/div>\n\t\t\t\t\t<\/div>\n\t\t<\/div>\n\t\t\t\t<div class=\"elementor-column elementor-col-50 elementor-inner-column elementor-element elementor-element-e704cef\" data-id=\"e704cef\" data-element_type=\"column\">\n\t\t\t<div class=\"elementor-widget-wrap elementor-element-populated\">\n\t\t\t\t\t\t<div class=\"elementor-element elementor-element-b7997cb elementor-widget elementor-widget-heading\" data-id=\"b7997cb\" data-element_type=\"widget\" data-widget_type=\"heading.default\">\n\t\t\t\t<div class=\"elementor-widget-container\">\n\t\t\t\t\t<h4 class=\"elementor-heading-title elementor-size-default\">\"Aufruhr - 50 Bilder \u00fcber die Welt\"<\/h4>\t\t\t\t<\/div>\n\t\t\t\t<\/div>\n\t\t\t\t<div class=\"elementor-element elementor-element-b88bed0 elementor-widget elementor-widget-heading\" data-id=\"b88bed0\" data-element_type=\"widget\" data-widget_type=\"heading.default\">\n\t\t\t\t<div class=\"elementor-widget-container\">\n\t\t\t\t\t<p class=\"elementor-heading-title elementor-size-default\">Herausgegeben von Christoph St\u00f6lzl\n<br>Hirmer Verlag\n<br>\n<br>\n ISBN: 978-3-7774-2642-6\n\n<\/p>\t\t\t\t<\/div>\n\t\t\t\t<\/div>\n\t\t\t\t\t<\/div>\n\t\t<\/div>\n\t\t\t\t\t<\/div>\n\t\t<\/section>\n\t\t\t\t<section class=\"elementor-section elementor-inner-section elementor-element elementor-element-7557834 elementor-section-full_width animated-slow elementor-section-height-default elementor-section-height-default elementor-invisible\" data-id=\"7557834\" data-element_type=\"section\" data-settings=\"{&quot;animation&quot;:&quot;fadeIn&quot;,&quot;animation_delay&quot;:400}\">\n\t\t\t\t\t\t<div class=\"elementor-container elementor-column-gap-no\">\n\t\t\t\t\t<div class=\"elementor-column elementor-col-33 elementor-inner-column elementor-element elementor-element-32fb0ac\" data-id=\"32fb0ac\" data-element_type=\"column\">\n\t\t\t<div class=\"elementor-widget-wrap elementor-element-populated\">\n\t\t\t\t\t\t<div class=\"elementor-element elementor-element-a663256 elementor-position-left elementor-vertical-align-top elementor-widget elementor-widget-image-box\" data-id=\"a663256\" data-element_type=\"widget\" data-widget_type=\"image-box.default\">\n\t\t\t\t<div class=\"elementor-widget-container\">\n\t\t\t\t\t<div class=\"elementor-image-box-wrapper\"><figure class=\"elementor-image-box-img\"><img decoding=\"async\" width=\"424\" height=\"597\" src=\"https:\/\/albrechtgehse-malerei.com\/wp-content\/uploads\/2021\/08\/img_1153.png\" class=\"attachment-full size-full wp-image-6927\" alt=\"\" srcset=\"https:\/\/albrechtgehse-malerei.com\/wp-content\/uploads\/2021\/08\/img_1153.png 424w, https:\/\/albrechtgehse-malerei.com\/wp-content\/uploads\/2021\/08\/img_1153-213x300.png 213w, https:\/\/albrechtgehse-malerei.com\/wp-content\/uploads\/2021\/08\/img_1153-9x12.png 9w\" sizes=\"(max-width: 424px) 100vw, 424px\" \/><\/figure><div class=\"elementor-image-box-content\"><h3 class=\"elementor-image-box-title\">Das Gem\u00e4lde Helmut Kohl von Albrecht Gehse f\u00fcr die Kanzlergalerie des Bundeskanzleramtes<\/h3><p class=\"elementor-image-box-description\">Otto Meissners Verlag<\/p><\/div><\/div>\t\t\t\t<\/div>\n\t\t\t\t<\/div>\n\t\t\t\t\t<\/div>\n\t\t<\/div>\n\t\t\t\t<div class=\"elementor-column elementor-col-33 elementor-inner-column elementor-element elementor-element-bbbecd8\" data-id=\"bbbecd8\" data-element_type=\"column\">\n\t\t\t<div class=\"elementor-widget-wrap elementor-element-populated\">\n\t\t\t\t\t\t<div class=\"elementor-element elementor-element-7370885 elementor-position-left elementor-vertical-align-top elementor-widget elementor-widget-image-box\" data-id=\"7370885\" data-element_type=\"widget\" data-widget_type=\"image-box.default\">\n\t\t\t\t<div class=\"elementor-widget-container\">\n\t\t\t\t\t<div class=\"elementor-image-box-wrapper\"><figure class=\"elementor-image-box-img\"><img decoding=\"async\" width=\"390\" height=\"532\" src=\"https:\/\/albrechtgehse-malerei.com\/wp-content\/uploads\/2021\/08\/img_1154.png\" class=\"attachment-full size-full wp-image-6928\" alt=\"\" srcset=\"https:\/\/albrechtgehse-malerei.com\/wp-content\/uploads\/2021\/08\/img_1154.png 390w, https:\/\/albrechtgehse-malerei.com\/wp-content\/uploads\/2021\/08\/img_1154-220x300.png 220w, https:\/\/albrechtgehse-malerei.com\/wp-content\/uploads\/2021\/08\/img_1154-9x12.png 9w\" sizes=\"(max-width: 390px) 100vw, 390px\" \/><\/figure><div class=\"elementor-image-box-content\"><h3 class=\"elementor-image-box-title\">Albrecht Gehse Zeitenwende Kunstallianz 1 Berlin<\/h3><p class=\"elementor-image-box-description\">3-87527-112-2<\/p><\/div><\/div>\t\t\t\t<\/div>\n\t\t\t\t<\/div>\n\t\t\t\t\t<\/div>\n\t\t<\/div>\n\t\t\t\t<div class=\"elementor-column elementor-col-33 elementor-inner-column elementor-element elementor-element-7b4f5b1\" data-id=\"7b4f5b1\" data-element_type=\"column\">\n\t\t\t<div class=\"elementor-widget-wrap elementor-element-populated\">\n\t\t\t\t\t\t<div class=\"elementor-element elementor-element-6ddd177 elementor-position-left elementor-vertical-align-top elementor-widget elementor-widget-image-box\" data-id=\"6ddd177\" data-element_type=\"widget\" data-widget_type=\"image-box.default\">\n\t\t\t\t<div class=\"elementor-widget-container\">\n\t\t\t\t\t<div class=\"elementor-image-box-wrapper\"><figure class=\"elementor-image-box-img\"><img loading=\"lazy\" decoding=\"async\" width=\"395\" height=\"528\" src=\"https:\/\/albrechtgehse-malerei.com\/wp-content\/uploads\/2021\/08\/img_1155.png\" class=\"attachment-full size-full wp-image-6929\" alt=\"\" srcset=\"https:\/\/albrechtgehse-malerei.com\/wp-content\/uploads\/2021\/08\/img_1155.png 395w, https:\/\/albrechtgehse-malerei.com\/wp-content\/uploads\/2021\/08\/img_1155-224x300.png 224w, https:\/\/albrechtgehse-malerei.com\/wp-content\/uploads\/2021\/08\/img_1155-9x12.png 9w\" sizes=\"(max-width: 395px) 100vw, 395px\" \/><\/figure><div class=\"elementor-image-box-content\"><h3 class=\"elementor-image-box-title\">Albrecht Gehse Malerei<\/h3><p class=\"elementor-image-box-description\">Ars Nicolai, ISBN 3-89479-066-0<\/p><\/div><\/div>\t\t\t\t<\/div>\n\t\t\t\t<\/div>\n\t\t\t\t\t<\/div>\n\t\t<\/div>\n\t\t\t\t\t<\/div>\n\t\t<\/section>\n\t\t\t\t<section class=\"elementor-section elementor-inner-section elementor-element elementor-element-11abe75 elementor-section-full_width animated-slow elementor-section-height-default elementor-section-height-default elementor-invisible\" data-id=\"11abe75\" data-element_type=\"section\" data-settings=\"{&quot;animation&quot;:&quot;fadeIn&quot;,&quot;animation_delay&quot;:400}\">\n\t\t\t\t\t\t<div class=\"elementor-container elementor-column-gap-no\">\n\t\t\t\t\t<div class=\"elementor-column elementor-col-33 elementor-inner-column elementor-element elementor-element-3bf9318\" data-id=\"3bf9318\" data-element_type=\"column\">\n\t\t\t<div class=\"elementor-widget-wrap elementor-element-populated\">\n\t\t\t\t\t\t<div class=\"elementor-element elementor-element-7abdc62 elementor-position-left elementor-vertical-align-top elementor-widget elementor-widget-image-box\" data-id=\"7abdc62\" data-element_type=\"widget\" data-widget_type=\"image-box.default\">\n\t\t\t\t<div class=\"elementor-widget-container\">\n\t\t\t\t\t<div class=\"elementor-image-box-wrapper\"><figure class=\"elementor-image-box-img\"><img loading=\"lazy\" decoding=\"async\" width=\"443\" height=\"489\" src=\"https:\/\/albrechtgehse-malerei.com\/wp-content\/uploads\/2021\/08\/img_1156.png\" class=\"attachment-full size-full wp-image-6930\" alt=\"\" srcset=\"https:\/\/albrechtgehse-malerei.com\/wp-content\/uploads\/2021\/08\/img_1156.png 443w, https:\/\/albrechtgehse-malerei.com\/wp-content\/uploads\/2021\/08\/img_1156-272x300.png 272w, https:\/\/albrechtgehse-malerei.com\/wp-content\/uploads\/2021\/08\/img_1156-11x12.png 11w\" sizes=\"(max-width: 443px) 100vw, 443px\" \/><\/figure><div class=\"elementor-image-box-content\"><h3 class=\"elementor-image-box-title\">Albrecht Gehse Ausbruch<\/h3><p class=\"elementor-image-box-description\">Zwischenstopp im Kunstverein Panitsch<\/p><\/div><\/div>\t\t\t\t<\/div>\n\t\t\t\t<\/div>\n\t\t\t\t\t<\/div>\n\t\t<\/div>\n\t\t\t\t<div class=\"elementor-column elementor-col-33 elementor-inner-column elementor-element elementor-element-f1b9bad\" data-id=\"f1b9bad\" data-element_type=\"column\">\n\t\t\t<div class=\"elementor-widget-wrap elementor-element-populated\">\n\t\t\t\t\t\t<div class=\"elementor-element elementor-element-58861b9 elementor-position-left elementor-vertical-align-top elementor-widget elementor-widget-image-box\" data-id=\"58861b9\" data-element_type=\"widget\" data-widget_type=\"image-box.default\">\n\t\t\t\t<div class=\"elementor-widget-container\">\n\t\t\t\t\t<div class=\"elementor-image-box-wrapper\"><figure class=\"elementor-image-box-img\"><img loading=\"lazy\" decoding=\"async\" width=\"420\" height=\"313\" src=\"https:\/\/albrechtgehse-malerei.com\/wp-content\/uploads\/2021\/08\/img_1157.png\" class=\"attachment-full size-full wp-image-6931\" alt=\"\" srcset=\"https:\/\/albrechtgehse-malerei.com\/wp-content\/uploads\/2021\/08\/img_1157.png 420w, https:\/\/albrechtgehse-malerei.com\/wp-content\/uploads\/2021\/08\/img_1157-300x224.png 300w, https:\/\/albrechtgehse-malerei.com\/wp-content\/uploads\/2021\/08\/img_1157-16x12.png 16w\" sizes=\"(max-width: 420px) 100vw, 420px\" \/><\/figure><div class=\"elementor-image-box-content\"><h3 class=\"elementor-image-box-title\">GEHSE<br>Albrecht Gehse<br>Malerei<\/h3><\/div><\/div>\t\t\t\t<\/div>\n\t\t\t\t<\/div>\n\t\t\t\t\t<\/div>\n\t\t<\/div>\n\t\t\t\t<div class=\"elementor-column elementor-col-33 elementor-inner-column elementor-element elementor-element-208ed15\" data-id=\"208ed15\" data-element_type=\"column\">\n\t\t\t<div class=\"elementor-widget-wrap elementor-element-populated\">\n\t\t\t\t\t\t<div class=\"elementor-element elementor-element-3bd4892 elementor-position-left elementor-vertical-align-top elementor-widget elementor-widget-image-box\" data-id=\"3bd4892\" data-element_type=\"widget\" data-widget_type=\"image-box.default\">\n\t\t\t\t<div class=\"elementor-widget-container\">\n\t\t\t\t\t<div class=\"elementor-image-box-wrapper\"><figure class=\"elementor-image-box-img\"><img loading=\"lazy\" decoding=\"async\" width=\"371\" height=\"455\" src=\"https:\/\/albrechtgehse-malerei.com\/wp-content\/uploads\/2021\/08\/img_1158.png\" class=\"attachment-full size-full wp-image-6932\" alt=\"\" srcset=\"https:\/\/albrechtgehse-malerei.com\/wp-content\/uploads\/2021\/08\/img_1158.png 371w, https:\/\/albrechtgehse-malerei.com\/wp-content\/uploads\/2021\/08\/img_1158-245x300.png 245w, https:\/\/albrechtgehse-malerei.com\/wp-content\/uploads\/2021\/08\/img_1158-10x12.png 10w\" sizes=\"(max-width: 371px) 100vw, 371px\" \/><\/figure><div class=\"elementor-image-box-content\"><h3 class=\"elementor-image-box-title\">Gehse (Leipzig) Ladengalerie Berlin<\/h3><\/div><\/div>\t\t\t\t<\/div>\n\t\t\t\t<\/div>\n\t\t\t\t\t<\/div>\n\t\t<\/div>\n\t\t\t\t\t<\/div>\n\t\t<\/section>\n\t\t\t\t\t<\/div>\n\t\t<\/div>\n\t\t\t\t\t<\/div>\n\t\t<\/section>\n\t\t\t\t<\/div>","protected":false},"excerpt":{"rendered":"<p>B\u00fccher &#8222;Aufruhr &#8211; 50 Bilder \u00fcber die Welt&#8220; Herausgegeben von Christoph St\u00f6lzl Hirmer Verlag ISBN: 978-3-7774-2642-6 Das Gem\u00e4lde Helmut Kohl von Albrecht Gehse f\u00fcr die Kanzlergalerie des Bundeskanzleramtes Otto Meissners Verlag Albrecht Gehse Zeitenwende Kunstallianz 1 Berlin 3-87527-112-2 Albrecht Gehse Malerei Ars Nicolai, ISBN 3-89479-066-0 Albrecht Gehse Ausbruch Zwischenstopp im Kunstverein Panitsch GEHSE Albrecht Gehse [&hellip;]<\/p>","protected":false},"author":5,"featured_media":5833,"parent":0,"menu_order":0,"comment_status":"closed","ping_status":"closed","template":"","meta":{"footnotes":""},"class_list":["post-6941","page","type-page","status-publish","has-post-thumbnail","hentry"],"_links":{"self":[{"href":"https:\/\/albrechtgehse-malerei.com\/en\/wp-json\/wp\/v2\/pages\/6941","targetHints":{"allow":["GET"]}}],"collection":[{"href":"https:\/\/albrechtgehse-malerei.com\/en\/wp-json\/wp\/v2\/pages"}],"about":[{"href":"https:\/\/albrechtgehse-malerei.com\/en\/wp-json\/wp\/v2\/types\/page"}],"author":[{"embeddable":true,"href":"https:\/\/albrechtgehse-malerei.com\/en\/wp-json\/wp\/v2\/users\/5"}],"replies":[{"embeddable":true,"href":"https:\/\/albrechtgehse-malerei.com\/en\/wp-json\/wp\/v2\/comments?post=6941"}],"version-history":[{"count":7,"href":"https:\/\/albrechtgehse-malerei.com\/en\/wp-json\/wp\/v2\/pages\/6941\/revisions"}],"predecessor-version":[{"id":9249,"href":"https:\/\/albrechtgehse-malerei.com\/en\/wp-json\/wp\/v2\/pages\/6941\/revisions\/9249"}],"wp:featuredmedia":[{"embeddable":true,"href":"https:\/\/albrechtgehse-malerei.com\/en\/wp-json\/wp\/v2\/media\/5833"}],"wp:attachment":[{"href":"https:\/\/albrechtgehse-malerei.com\/en\/wp-json\/wp\/v2\/media?parent=6941"}],"curies":[{"name":"wp","href":"https:\/\/api.w.org\/{rel}","templated":true}]}}