{"id":6635,"date":"2021-07-31T10:32:53","date_gmt":"2021-07-31T10:32:53","guid":{"rendered":"https:\/\/gehse.interstruct.com\/?page_id=6635"},"modified":"2021-08-08T22:18:31","modified_gmt":"2021-08-08T22:18:31","slug":"der-zyklus-aufruhr","status":"publish","type":"page","link":"https:\/\/albrechtgehse-malerei.com\/en\/der-zyklus-aufruhr\/","title":{"rendered":"Der Zyklus AUFRUHR"},"content":{"rendered":"<div data-elementor-type=\"wp-page\" data-elementor-id=\"6635\" class=\"elementor elementor-6635\" data-elementor-post-type=\"page\">\n\t\t\t\t\t\t<section class=\"elementor-section elementor-top-section elementor-element elementor-element-9b3edb5 elementor-section-full_width elementor-section-stretched elementor-section-height-default elementor-section-height-default\" data-id=\"9b3edb5\" data-element_type=\"section\" data-settings=\"{&quot;stretch_section&quot;:&quot;section-stretched&quot;}\">\n\t\t\t\t\t\t<div class=\"elementor-container elementor-column-gap-no\">\n\t\t\t\t\t<div class=\"elementor-column elementor-col-100 elementor-top-column elementor-element elementor-element-6554bdfd\" data-id=\"6554bdfd\" data-element_type=\"column\">\n\t\t\t<div class=\"elementor-widget-wrap elementor-element-populated\">\n\t\t\t\t\t\t<div class=\"elementor-element elementor-element-5986295 animated-slow elementor-invisible elementor-widget elementor-widget-heading\" data-id=\"5986295\" data-element_type=\"widget\" data-settings=\"{&quot;_animation&quot;:&quot;fadeInUp&quot;}\" data-widget_type=\"heading.default\">\n\t\t\t\t<div class=\"elementor-widget-container\">\n\t\t\t\t\t<h3 class=\"elementor-heading-title elementor-size-default\">Cyclus \u201eAUFRUHR\u201c <\/h3>\t\t\t\t<\/div>\n\t\t\t\t<\/div>\n\t\t\t\t<div class=\"elementor-element elementor-element-02efc60 elementor-widget elementor-widget-spacer\" data-id=\"02efc60\" data-element_type=\"widget\" data-widget_type=\"spacer.default\">\n\t\t\t\t<div class=\"elementor-widget-container\">\n\t\t\t\t\t\t\t<div class=\"elementor-spacer\">\n\t\t\t<div class=\"elementor-spacer-inner\"><\/div>\n\t\t<\/div>\n\t\t\t\t\t\t<\/div>\n\t\t\t\t<\/div>\n\t\t\t\t<div class=\"elementor-element elementor-element-ce71a16 elementor-widget elementor-widget-spacer\" data-id=\"ce71a16\" data-element_type=\"widget\" data-widget_type=\"spacer.default\">\n\t\t\t\t<div class=\"elementor-widget-container\">\n\t\t\t\t\t\t\t<div class=\"elementor-spacer\">\n\t\t\t<div class=\"elementor-spacer-inner\"><\/div>\n\t\t<\/div>\n\t\t\t\t\t\t<\/div>\n\t\t\t\t<\/div>\n\t\t\t\t<section class=\"elementor-section elementor-inner-section elementor-element elementor-element-8610d19 elementor-section-full_width elementor-reverse-mobile elementor-section-height-default elementor-section-height-default\" data-id=\"8610d19\" data-element_type=\"section\" data-settings=\"{&quot;animation_tablet&quot;:&quot;none&quot;}\">\n\t\t\t\t\t\t<div class=\"elementor-container elementor-column-gap-no\">\n\t\t\t\t\t<div class=\"elementor-column elementor-col-100 elementor-inner-column elementor-element elementor-element-60944bc animated-slow elementor-invisible\" data-id=\"60944bc\" data-element_type=\"column\" data-settings=\"{&quot;animation&quot;:&quot;fadeIn&quot;,&quot;animation_delay&quot;:200}\">\n\t\t\t<div class=\"elementor-widget-wrap elementor-element-populated\">\n\t\t\t\t\t\t<div class=\"elementor-element elementor-element-7388c83 elementor-widget elementor-widget-text-editor\" data-id=\"7388c83\" data-element_type=\"widget\" data-settings=\"{&quot;_animation_tablet&quot;:&quot;fadeIn&quot;}\" data-widget_type=\"text-editor.default\">\n\t\t\t\t<div class=\"elementor-widget-container\">\n\t\t\t\t\t\t\t\t\t<p>The painter Albrecht Gehse does not make it easy for us. He heaves a great cycle into the world, one that says, even in terms of its dimensions: here I am, from now on you\u2019re gonna have to put up with me. What should this art be called? Walpurgis night, pandemonium?<\/p><p>The painter\u2019s perspective is a grand array of pictures (similar to the Dance of Death) regarding the gloominess of worldly existence in the past and present.<\/p><p>What characterises Gehse\u2019s pictures is something that is rare enough in contemporary art: the creation of his own myths, in large dimensions \u2013 figuratively as well as literally, their perspective is expansive not petty.<\/p><p class=\"translation-block\">Kept together by means of a masterly mode of painting, one that ranges from the illusionist representational, via sketches thrown onto the surface with virtuosity, right through to the most feverous orgies of colour, Gehse spirits us away into scenes of apparent confusion and uncertainty.\n<br>\nAt the second glance, these scenes arrange themselves into myths of the unmistakable kind. Everywhere the path from the idyll to the catastrophe is short. Laughter is accompanied by horror, devouring accompanied by being devoured.\n\nPowerful art demands courage, both from the artist and from the viewing public. Gehse\u2019s cycle \u00abTurmoil \u2013 50 Pictures of the World\u00bb is just such a test of courage. It is a test worth taking.<\/p><p class=\"p1\"><i>Prof. Dr. Christoph St\u00f6lzl<\/i><\/p>\t\t\t\t\t\t\t\t<\/div>\n\t\t\t\t<\/div>\n\t\t\t\t\t<\/div>\n\t\t<\/div>\n\t\t\t\t\t<\/div>\n\t\t<\/section>\n\t\t\t\t\t<\/div>\n\t\t<\/div>\n\t\t\t\t\t<\/div>\n\t\t<\/section>\n\t\t\t\t<\/div>","protected":false},"excerpt":{"rendered":"<p>Der Zyklus \u201eAUFRUHR\u201c Der Maler Albrecht Gehse macht es uns nicht leicht. Er wuchtet einen gro\u00dfen Zyklus in die Welt, der schon vom Format her sagt: Hier bin ich, von jetzt an m\u00fcsst Ihr es mit mir aushalten. Wie soll man diese Kunst nennen? Walpurgisnacht, Pand\u00e4monium? Dieser Zyklus ist ein gro\u00dfer Bilder-Reigen (\u00e4hnlich dem Totentanz) [&hellip;]<\/p>","protected":false},"author":5,"featured_media":5293,"parent":0,"menu_order":0,"comment_status":"closed","ping_status":"closed","template":"elementor_header_footer","meta":{"footnotes":""},"class_list":["post-6635","page","type-page","status-publish","has-post-thumbnail","hentry"],"_links":{"self":[{"href":"https:\/\/albrechtgehse-malerei.com\/en\/wp-json\/wp\/v2\/pages\/6635","targetHints":{"allow":["GET"]}}],"collection":[{"href":"https:\/\/albrechtgehse-malerei.com\/en\/wp-json\/wp\/v2\/pages"}],"about":[{"href":"https:\/\/albrechtgehse-malerei.com\/en\/wp-json\/wp\/v2\/types\/page"}],"author":[{"embeddable":true,"href":"https:\/\/albrechtgehse-malerei.com\/en\/wp-json\/wp\/v2\/users\/5"}],"replies":[{"embeddable":true,"href":"https:\/\/albrechtgehse-malerei.com\/en\/wp-json\/wp\/v2\/comments?post=6635"}],"version-history":[{"count":3,"href":"https:\/\/albrechtgehse-malerei.com\/en\/wp-json\/wp\/v2\/pages\/6635\/revisions"}],"predecessor-version":[{"id":8943,"href":"https:\/\/albrechtgehse-malerei.com\/en\/wp-json\/wp\/v2\/pages\/6635\/revisions\/8943"}],"wp:featuredmedia":[{"embeddable":true,"href":"https:\/\/albrechtgehse-malerei.com\/en\/wp-json\/wp\/v2\/media\/5293"}],"wp:attachment":[{"href":"https:\/\/albrechtgehse-malerei.com\/en\/wp-json\/wp\/v2\/media?parent=6635"}],"curies":[{"name":"wp","href":"https:\/\/api.w.org\/{rel}","templated":true}]}}