{"id":5781,"date":"2021-07-28T15:09:24","date_gmt":"2021-07-28T15:09:24","guid":{"rendered":"https:\/\/gehse.interstruct.com\/?page_id=5781"},"modified":"2021-11-04T12:10:47","modified_gmt":"2021-11-04T12:10:47","slug":"biografie","status":"publish","type":"page","link":"https:\/\/albrechtgehse-malerei.com\/en\/biografie\/","title":{"rendered":"Biography"},"content":{"rendered":"<div data-elementor-type=\"wp-page\" data-elementor-id=\"5781\" class=\"elementor elementor-5781\" data-elementor-post-type=\"page\">\n\t\t\t\t\t\t<section class=\"elementor-section elementor-top-section elementor-element elementor-element-0f4a404 elementor-section-full_width elementor-section-stretched elementor-section-height-default elementor-section-height-default\" data-id=\"0f4a404\" data-element_type=\"section\" data-settings=\"{&quot;stretch_section&quot;:&quot;section-stretched&quot;}\">\n\t\t\t\t\t\t<div class=\"elementor-container elementor-column-gap-no\">\n\t\t\t\t\t<div class=\"elementor-column elementor-col-100 elementor-top-column elementor-element elementor-element-0ee96ed\" data-id=\"0ee96ed\" data-element_type=\"column\">\n\t\t\t<div class=\"elementor-widget-wrap elementor-element-populated\">\n\t\t\t\t\t\t<div class=\"elementor-element elementor-element-5b640eb animated-slow elementor-invisible elementor-widget elementor-widget-heading\" data-id=\"5b640eb\" data-element_type=\"widget\" data-settings=\"{&quot;_animation&quot;:&quot;fadeInUp&quot;}\" data-widget_type=\"heading.default\">\n\t\t\t\t<div class=\"elementor-widget-container\">\n\t\t\t\t\t<h3 class=\"elementor-heading-title elementor-size-default\">Biography<\/h3>\t\t\t\t<\/div>\n\t\t\t\t<\/div>\n\t\t\t\t<div class=\"elementor-element elementor-element-f67e568 elementor-widget elementor-widget-spacer\" data-id=\"f67e568\" data-element_type=\"widget\" data-widget_type=\"spacer.default\">\n\t\t\t\t<div class=\"elementor-widget-container\">\n\t\t\t\t\t\t\t<div class=\"elementor-spacer\">\n\t\t\t<div class=\"elementor-spacer-inner\"><\/div>\n\t\t<\/div>\n\t\t\t\t\t\t<\/div>\n\t\t\t\t<\/div>\n\t\t\t\t<section class=\"elementor-section elementor-inner-section elementor-element elementor-element-8bfa49b elementor-section-full_width elementor-reverse-mobile elementor-section-height-default elementor-section-height-default\" data-id=\"8bfa49b\" data-element_type=\"section\" data-settings=\"{&quot;animation_tablet&quot;:&quot;none&quot;}\">\n\t\t\t\t\t\t<div class=\"elementor-container elementor-column-gap-no\">\n\t\t\t\t\t<div class=\"elementor-column elementor-col-50 elementor-inner-column elementor-element elementor-element-91351c8 animated-slow elementor-invisible\" data-id=\"91351c8\" data-element_type=\"column\" data-settings=\"{&quot;animation&quot;:&quot;fadeIn&quot;,&quot;animation_delay&quot;:200}\">\n\t\t\t<div class=\"elementor-widget-wrap elementor-element-populated\">\n\t\t\t\t\t\t<div class=\"elementor-element elementor-element-11dc941 elementor-widget elementor-widget-text-editor\" data-id=\"11dc941\" data-element_type=\"widget\" data-settings=\"{&quot;_animation_tablet&quot;:&quot;fadeIn&quot;}\" data-widget_type=\"text-editor.default\">\n\t\t\t\t<div class=\"elementor-widget-container\">\n\t\t\t\t\t\t\t\t\t<p class=\"p1\">Albrecht Gehse, born on 19th January 1955,<br \/>comes from a Southern German family of artists.<\/p><p class=\"p1\">One of the great maternal ancestors of the family is Jacob Grimm, one of the Grimm Brothers. From the paternal side, there is a kinship to Dietrich Bonhoeffer  ( executed in 1945 because of resistance to Hitler ) and R\u00fcdiger Schleicher (also executed in 1945 for the same reason, Freisler's last death sentence).\u00a0<\/p><p class=\"p1\">This is worth mentioning because the cultural and political climate of the family, as well as the break that was caused by the division of Germany (which meant a separation from the painter-grandfather), had quite a formative influence on the artistic development of A. Gehse.<\/p><p class=\"p1\">Albrecht Gehse grew up with 4 siblings, Angelika, Roberta, Marcus and Daniela.<\/p><p class=\"p1\">After completing an apprenticeship in Polygraphy he accomplished his military service, followed by the studies of Art from 1976-81 at the University of Graphics and Book Art in Leipzig. <br \/>Mayer-Foreyt und Harry Blume. Bernhard Heisig unterrichtet ihn in der Fachklasse f\u00fcr Malerei. Hier kn\u00fcpft er erste Kon\u00adtakte zu Wolfgang Peuker, Sieghard Gille, Arno Rink und Hartwig Ebersbach. Nach Abschluss des Studiums mit Diplom im Jahr 1981 beginnt Albrecht Gehse die frei\u00ad schaffende Arbeit in Leipzig, anfangs innerhalb der K\u00fcnstlergruppe 37,2, zu der u.a. Hans\u00ad Joachim Schulze, Hartwig Ebersbach, Wolfgang A. Scheffler und Trak Wendisch geh\u00f6ren. 1984 wird er Mitglied im Verband Bildender K\u00fcnstler der DDR und erh\u00e4lt im selben Jahr in der Ausstellung &#8222;Junge K\u00fcnstler der DDR- 1984&#8220;, die im Alten Museum der Staatlichen Museen zu Berlin stattfindet, den Sonderpreis. 1984 Heirat mit Jenny Bla\u00dfkiewitz (Schei\u00addung 2004).<\/p><p class=\"p1\">Von 1987 bis 1990 ist Albrecht Gehse Meistersch\u00fcler an der Akademie der K\u00fcnste der DDR in Berlin bei Prof. Bernhard Heisig. ln dieser Zeit hat er auch Kontakte zu Werner T\u00fcbke. Albrecht Gehse arbeitet und lebt seit seinem Umzug von Leipzig im Jahr 1991 in Berlin-Tier\u00ad garten und Charlottenburg, sein Atelier befindet sich auf der Insel Eiswerder\/Spandauer See. 2002\/2003 malt Albrecht Gehse das Bildnis &#8222;Bundeskanzler a.D. Helmut Kohl&#8220; f\u00fcr die Kanzlergalerie des Bundeskanzleramtes Berlin. Seit 2006 arbeitet Albrecht Gehse an dem Zyklus &#8222;Aufruhr &#8211; 50 Bilder \u00fcber die Welt&#8220;. 2008 Heirat mit Denisa Kurowska. Albrecht Gehse hat vier Kinder (Konrad, geb. 1980, Constatin, geb. 1982, Maya, geb. 1984, Ronja, geb. 1989).<\/p><p class=\"p1\">Albrecht Gehse participated in numerous national and international exhibitions but also had various solo exhibitions throughout the years.\n\nThere are a lot of books, catalogues, contributions on TV and reviews on his work.\n\nGehse won numerous prices, i. a. the Special Award of the exhibition \u201cYoung Artists in the GDR\u201d at Old Museum Berlin in 1984.\n\nThe works of Gehse, i. a. paintings related to buildings, can be found in museums, public collections, institutions, banks, insurance companies, churches, law offices as well as in large national and international private collections.<\/p>\t\t\t\t\t\t\t\t<\/div>\n\t\t\t\t<\/div>\n\t\t\t\t\t<\/div>\n\t\t<\/div>\n\t\t\t\t<div class=\"elementor-column elementor-col-50 elementor-inner-column elementor-element elementor-element-c9ff1c9 animated-slow elementor-invisible\" data-id=\"c9ff1c9\" data-element_type=\"column\" data-settings=\"{&quot;animation&quot;:&quot;fadeIn&quot;,&quot;animation_delay&quot;:200}\">\n\t\t\t<div class=\"elementor-widget-wrap elementor-element-populated\">\n\t\t\t\t\t\t<div class=\"elementor-element elementor-element-bceeb6c elementor-widget elementor-widget-image\" data-id=\"bceeb6c\" data-element_type=\"widget\" data-settings=\"{&quot;_animation_tablet&quot;:&quot;fadeIn&quot;,&quot;motion_fx_motion_fx_scrolling&quot;:&quot;yes&quot;,&quot;motion_fx_translateY_effect&quot;:&quot;yes&quot;,&quot;motion_fx_translateY_direction&quot;:&quot;negative&quot;,&quot;motion_fx_translateY_affectedRange&quot;:{&quot;unit&quot;:&quot;%&quot;,&quot;size&quot;:&quot;&quot;,&quot;sizes&quot;:{&quot;start&quot;:50,&quot;end&quot;:100}},&quot;motion_fx_devices&quot;:[&quot;desktop&quot;,&quot;tablet&quot;],&quot;motion_fx_translateY_speed&quot;:{&quot;unit&quot;:&quot;px&quot;,&quot;size&quot;:4,&quot;sizes&quot;:[]}}\" data-widget_type=\"image.default\">\n\t\t\t\t<div class=\"elementor-widget-container\">\n\t\t\t\t\t\t\t\t\t\t\t\t\t\t\t<img fetchpriority=\"high\" decoding=\"async\" width=\"743\" height=\"557\" src=\"https:\/\/albrechtgehse-malerei.com\/wp-content\/uploads\/2021\/07\/albrechtgehse-atelier.jpeg\" class=\"attachment-full size-full wp-image-5833\" alt=\"\" srcset=\"https:\/\/albrechtgehse-malerei.com\/wp-content\/uploads\/2021\/07\/albrechtgehse-atelier.jpeg 743w, https:\/\/albrechtgehse-malerei.com\/wp-content\/uploads\/2021\/07\/albrechtgehse-atelier-300x225.jpeg 300w, https:\/\/albrechtgehse-malerei.com\/wp-content\/uploads\/2021\/07\/albrechtgehse-atelier-16x12.jpeg 16w\" sizes=\"(max-width: 743px) 100vw, 743px\" \/>\t\t\t\t\t\t\t\t\t\t\t\t\t\t\t<\/div>\n\t\t\t\t<\/div>\n\t\t\t\t\t<\/div>\n\t\t<\/div>\n\t\t\t\t\t<\/div>\n\t\t<\/section>\n\t\t\t\t\t<\/div>\n\t\t<\/div>\n\t\t\t\t\t<\/div>\n\t\t<\/section>\n\t\t\t\t<\/div>","protected":false},"excerpt":{"rendered":"<p>Biografie 1955 wird Albrecht Gehse in Borsdorf bei Leipzig geboren. Seine Kindheit verbringt er in Berlin (West), Leipzig und Borsdorf. Mutter Nanna, geb. G&#8217;schrey, stammt aus einer s\u00fcddeutschen K\u00fcnstlerfamilie: Gehses Urgro\u00dfvater, Prof. Paul Haustein, war ein vielseitiger Jugendstilk\u00fcnstler. Gehses Gro\u00dfvater, der Maler Ludwig G&#8217;schrey (Neffe von Paul Haustein), war mit Hausteins Tochter Liesel verheiratet. Er [&hellip;]<\/p>","protected":false},"author":5,"featured_media":5833,"parent":0,"menu_order":0,"comment_status":"closed","ping_status":"closed","template":"","meta":{"footnotes":""},"class_list":["post-5781","page","type-page","status-publish","has-post-thumbnail","hentry"],"_links":{"self":[{"href":"https:\/\/albrechtgehse-malerei.com\/en\/wp-json\/wp\/v2\/pages\/5781","targetHints":{"allow":["GET"]}}],"collection":[{"href":"https:\/\/albrechtgehse-malerei.com\/en\/wp-json\/wp\/v2\/pages"}],"about":[{"href":"https:\/\/albrechtgehse-malerei.com\/en\/wp-json\/wp\/v2\/types\/page"}],"author":[{"embeddable":true,"href":"https:\/\/albrechtgehse-malerei.com\/en\/wp-json\/wp\/v2\/users\/5"}],"replies":[{"embeddable":true,"href":"https:\/\/albrechtgehse-malerei.com\/en\/wp-json\/wp\/v2\/comments?post=5781"}],"version-history":[{"count":19,"href":"https:\/\/albrechtgehse-malerei.com\/en\/wp-json\/wp\/v2\/pages\/5781\/revisions"}],"predecessor-version":[{"id":9227,"href":"https:\/\/albrechtgehse-malerei.com\/en\/wp-json\/wp\/v2\/pages\/5781\/revisions\/9227"}],"wp:featuredmedia":[{"embeddable":true,"href":"https:\/\/albrechtgehse-malerei.com\/en\/wp-json\/wp\/v2\/media\/5833"}],"wp:attachment":[{"href":"https:\/\/albrechtgehse-malerei.com\/en\/wp-json\/wp\/v2\/media?parent=5781"}],"curies":[{"name":"wp","href":"https:\/\/api.w.org\/{rel}","templated":true}]}}